{"id":25,"date":"2025-10-04T01:28:04","date_gmt":"2025-10-04T01:28:04","guid":{"rendered":"https:\/\/demo.bravisthemes.com\/cyberguard\/?page_id=25"},"modified":"2026-01-07T20:44:20","modified_gmt":"2026-01-07T20:44:20","slug":"contact-us","status":"publish","type":"page","link":"https:\/\/5gdigital.com.br\/en\/contact-us\/","title":{"rendered":"Contate-nos"},"content":{"rendered":"<div data-elementor-type=\"wp-page\" data-elementor-id=\"25\" class=\"elementor elementor-25\">\n\t\t\t\t<div class=\"elementor-element elementor-element-36d23f8 e-flex e-con-boxed pxl-column-none pxl-row-scroll-none pxl-zoom-point-false pxl-section-overflow-visible pxl-section-fix-none pxl-full-content-with-space-none pxl-bg-color-none pxl-section-overlay-none e-con e-parent\" data-id=\"36d23f8\" data-element_type=\"container\" data-settings=\"{&quot;background_background&quot;:&quot;classic&quot;}\">\t\t\t<div class=\"e-con-inner\">\r\n\t\t<div class=\"elementor-element elementor-element-1f0b6ef e-con-full e-flex pxl-column-none pxl-row-scroll-none pxl-zoom-point-false pxl-section-overflow-visible pxl-section-fix-none pxl-full-content-with-space-none pxl-bg-color-none pxl-section-overlay-none e-con e-child\" data-id=\"1f0b6ef\" data-element_type=\"container\">\t\t<div class=\"elementor-element elementor-element-f9ea3af elementor-widget elementor-widget-pxl_text_editor\" data-id=\"f9ea3af\" data-element_type=\"widget\" data-widget_type=\"pxl_text_editor.default\">\n\t\t\t\t<div class=\"elementor-widget-container\">\n\t\t\t\t\t<div id=\"pxl_text_editor-f9ea3af-6544\" class=\"pxl-image-wg\" duration=\"1\">\n\t<div class=\"pxl-text-editor\">\n\t\t<div class=\"pxl-item--inner\" data-wow-delay=\"ms\">\n\t\t\t<p>Envie sua Mensagem<\/p>\t\t\n\t\t<\/div>\n\t<\/div>\n<\/div>\t\t\t\t<\/div>\n\t\t\t\t<\/div>\n\t\t\t\t<div class=\"elementor-element elementor-element-96dc353 elementor-widget elementor-widget-pxl_text_editor\" data-id=\"96dc353\" data-element_type=\"widget\" data-widget_type=\"pxl_text_editor.default\">\n\t\t\t\t<div class=\"elementor-widget-container\">\n\t\t\t\t\t<div id=\"pxl_text_editor-96dc353-5210\" class=\"pxl-image-wg\" duration=\"1\">\n\t<div class=\"pxl-text-editor\">\n\t\t<div class=\"pxl-item--inner\" data-wow-delay=\"ms\">\n\t\t\t<p class=\"mb-0\">Se voc\u00ea tiver alguma d\u00favida, sugest\u00e3o ou simplesmente quiser dizer ol\u00e1, este \u00e9 o lugar certo. Preencha o formul\u00e1rio abaixo com seus dados e mensagem, e entraremos em contato o mais breve poss\u00edvel.<\/p>\t\t\n\t\t<\/div>\n\t<\/div>\n<\/div>\t\t\t\t<\/div>\n\t\t\t\t<\/div>\n\t\t\t\t<\/div>\r\n\t\t<div class=\"elementor-element elementor-element-5b93832 e-con-full e-flex pxl-column-none pxl-row-scroll-none pxl-zoom-point-false pxl-section-overflow-visible pxl-section-fix-none pxl-full-content-with-space-none pxl-bg-color-none pxl-section-overlay-none e-con e-child\" data-id=\"5b93832\" data-element_type=\"container\"><div class=\"elementor-element elementor-element-67bac82 e-con-full e-flex pxl-column-none pxl-row-scroll-none pxl-zoom-point-false pxl-section-overflow-visible pxl-section-fix-none pxl-full-content-with-space-none pxl-bg-color-none pxl-section-overlay-none e-con e-child\" data-id=\"67bac82\" data-element_type=\"container\" data-settings=\"{&quot;background_background&quot;:&quot;classic&quot;}\"><div class=\"elementor-element elementor-element-630fb67 e-con-full e-flex pxl-column-none pxl-row-scroll-none pxl-zoom-point-false pxl-section-overflow-visible pxl-section-fix-none pxl-full-content-with-space-none pxl-bg-color-none pxl-section-overlay-none e-con e-child\" data-id=\"630fb67\" data-element_type=\"container\">\t\t<div class=\"elementor-element elementor-element-684764d elementor-widget elementor-widget-pxl_image\" data-id=\"684764d\" data-element_type=\"widget\" data-widget_type=\"pxl_image.default\">\n\t\t\t\t<div class=\"elementor-widget-container\">\n\t\t\t\t\t<div id=\"pxl_image-684764d-7213\" class=\"pxl-image-single  style-default\" data-wow-delay=\"ms\" >\r\n    <div class=\"pxl-item--inner\" data-wow-delay=\"120ms\">\r\n        \r\n                                <div class=\"pxl-item--bg bg-image\" data-wow-delay=\"ms\" style=\"background-image: url(https:\/\/5gdigital.com.br\/wp-content\/uploads\/2025\/10\/img-contact1.jpg);\"><\/div>\r\n                                <\/div>\r\n<\/div>\t\t\t\t<\/div>\n\t\t\t\t<\/div>\n\t\t\t\t<\/div>\r\n\t\t<div class=\"elementor-element elementor-element-46fbe7d e-con-full e-flex pxl-column-none pxl-row-scroll-none pxl-zoom-point-false pxl-section-overflow-visible pxl-section-fix-none pxl-full-content-with-space-none pxl-bg-color-none pxl-section-overlay-none e-con e-child\" data-id=\"46fbe7d\" data-element_type=\"container\"><div class=\"elementor-element elementor-element-401651d e-con-full e-flex pxl-column-none pxl-row-scroll-none pxl-zoom-point-false pxl-section-overflow-visible pxl-section-fix-none pxl-full-content-with-space-none pxl-bg-color-none pxl-section-overlay-none e-con e-child\" data-id=\"401651d\" data-element_type=\"container\">\t\t<div class=\"elementor-element elementor-element-2cff927 elementor-widget elementor-widget-pxl_list\" data-id=\"2cff927\" data-element_type=\"widget\" data-widget_type=\"pxl_list.default\">\n\t\t\t\t<div class=\"elementor-widget-container\">\n\t\t\t\t\t    <div class=\"pxl-list pxl-list1 style-default\">\r\n                    <div class=\"pxl--item\" data-wow-delay=\"ms\">\r\n                <a class=\"pxl-item-link\" >\r\n                                            <div class=\"pxl-item--icon\">\r\n                            <i aria-hidden=\"true\" class=\"fas fa-map-marker-alt\"><\/i>                        <\/div>\r\n                                        <div class=\"pxl-item--text el-empty\">\r\n                        <span>Sede<\/span>\r\n                    <\/div>\r\n                <\/a>\r\n            <\/div>\r\n            <\/div>\r\n\t\t\t\t<\/div>\n\t\t\t\t<\/div>\n\t\t\t\t<div class=\"elementor-element elementor-element-41d22d8 elementor-widget elementor-widget-pxl_text_editor\" data-id=\"41d22d8\" data-element_type=\"widget\" data-widget_type=\"pxl_text_editor.default\">\n\t\t\t\t<div class=\"elementor-widget-container\">\n\t\t\t\t\t<div id=\"pxl_text_editor-41d22d8-1636\" class=\"pxl-image-wg\" duration=\"1\">\n\t<div class=\"pxl-text-editor\">\n\t\t<div class=\"pxl-item--inner\" data-wow-delay=\"ms\">\n\t\t\t<p><strong>Rua Dom Gerardo, 63, Sala 1401 \u2013 Centro, Rio de Janeiro \u2013 RJ<\/strong><\/p>\t\t\n\t\t<\/div>\n\t<\/div>\n<\/div>\t\t\t\t<\/div>\n\t\t\t\t<\/div>\n\t\t\t\t<div class=\"elementor-element elementor-element-b4f93ff elementor-widget elementor-widget-pxl_list\" data-id=\"b4f93ff\" data-element_type=\"widget\" data-widget_type=\"pxl_list.default\">\n\t\t\t\t<div class=\"elementor-widget-container\">\n\t\t\t\t\t    <div class=\"pxl-list pxl-list1 style-default\">\r\n                    <div class=\"pxl--item\" data-wow-delay=\"ms\">\r\n                <a class=\"pxl-item-link\" >\r\n                                            <div class=\"pxl-item--icon\">\r\n                            <i aria-hidden=\"true\" class=\"fas fa-phone-alt\"><\/i>                        <\/div>\r\n                                        <div class=\"pxl-item--text el-empty\">\r\n                        <span>Nos ligue<\/span>\r\n                    <\/div>\r\n                <\/a>\r\n            <\/div>\r\n            <\/div>\r\n\t\t\t\t<\/div>\n\t\t\t\t<\/div>\n\t\t\t\t<div class=\"elementor-element elementor-element-1875fc5 elementor-widget elementor-widget-pxl_text_editor\" data-id=\"1875fc5\" data-element_type=\"widget\" data-widget_type=\"pxl_text_editor.default\">\n\t\t\t\t<div class=\"elementor-widget-container\">\n\t\t\t\t\t<div id=\"pxl_text_editor-1875fc5-3289\" class=\"pxl-image-wg\" duration=\"1\">\n\t<div class=\"pxl-text-editor\">\n\t\t<div class=\"pxl-item--inner\" data-wow-delay=\"ms\">\n\t\t\t<p><strong>+55 (21) 3390-4545<\/strong><\/p>\t\t\n\t\t<\/div>\n\t<\/div>\n<\/div>\t\t\t\t<\/div>\n\t\t\t\t<\/div>\n\t\t\t\t<div class=\"elementor-element elementor-element-dc6784f elementor-widget elementor-widget-pxl_list\" data-id=\"dc6784f\" data-element_type=\"widget\" data-widget_type=\"pxl_list.default\">\n\t\t\t\t<div class=\"elementor-widget-container\">\n\t\t\t\t\t    <div class=\"pxl-list pxl-list1 style-default\">\r\n                    <div class=\"pxl--item\" data-wow-delay=\"ms\">\r\n                <a class=\"pxl-item-link\" >\r\n                                            <div class=\"pxl-item--icon\">\r\n                            <i aria-hidden=\"true\" class=\"fas fa-envelope\"><\/i>                        <\/div>\r\n                                        <div class=\"pxl-item--text el-empty\">\r\n                        <span>Send a Message<\/span>\r\n                    <\/div>\r\n                <\/a>\r\n            <\/div>\r\n            <\/div>\r\n\t\t\t\t<\/div>\n\t\t\t\t<\/div>\n\t\t\t\t<div class=\"elementor-element elementor-element-68266e8 elementor-widget elementor-widget-pxl_text_editor\" data-id=\"68266e8\" data-element_type=\"widget\" data-widget_type=\"pxl_text_editor.default\">\n\t\t\t\t<div class=\"elementor-widget-container\">\n\t\t\t\t\t<div id=\"pxl_text_editor-68266e8-7435\" class=\"pxl-image-wg\" duration=\"1\">\n\t<div class=\"pxl-text-editor\">\n\t\t<div class=\"pxl-item--inner\" data-wow-delay=\"ms\">\n\t\t\t<p><strong>suporte@5gdigital.com.b<\/strong><\/p>\t\t\n\t\t<\/div>\n\t<\/div>\n<\/div>\t\t\t\t<\/div>\n\t\t\t\t<\/div>\n\t\t\t\t<div class=\"elementor-element elementor-element-7e53806 elementor-absolute elementor-widget elementor-widget-pxl_text_editor\" data-id=\"7e53806\" data-element_type=\"widget\" data-settings=\"{&quot;_position&quot;:&quot;absolute&quot;}\" data-widget_type=\"pxl_text_editor.default\">\n\t\t\t\t<div class=\"elementor-widget-container\">\n\t\t\t\t\t<div id=\"pxl_text_editor-7e53806-8677\" class=\"pxl-image-wg\" duration=\"1\">\n\t<div class=\"pxl-text-editor\">\n\t\t<div class=\"pxl-item--inner\" data-wow-delay=\"ms\">\n\t\t\t<p><strong>r<\/strong><\/p>\t\t\n\t\t<\/div>\n\t<\/div>\n<\/div>\t\t\t\t<\/div>\n\t\t\t\t<\/div>\n\t\t\t\t<\/div>\r\n\t\t\t\t<\/div>\r\n\t\t\t\t<\/div>\r\n\t\t<div class=\"elementor-element elementor-element-fb5fb9b e-con-full e-flex pxl-column-none pxl-row-scroll-none pxl-zoom-point-false pxl-section-overflow-visible pxl-section-fix-none pxl-full-content-with-space-none pxl-bg-color-none pxl-section-overlay-none e-con e-child\" data-id=\"fb5fb9b\" data-element_type=\"container\">\t\t<div class=\"elementor-element elementor-element-5468e34 elementor-widget elementor-widget-pxl_contact_form\" data-id=\"5468e34\" data-element_type=\"widget\" data-widget_type=\"pxl_contact_form.default\">\n\t\t\t\t<div class=\"elementor-widget-container\">\n\t\t\t\t\t    <div class=\"pxl-contact-form pxl-contact-form1 notice-style1 box-style-none btn-w-auto\" data-wow-delay=\"ms\">\r\n        \n<div class=\"wpcf7 no-js\" id=\"wpcf7-f727-o1\" lang=\"en-US\" dir=\"ltr\" data-wpcf7-id=\"727\">\n<div class=\"screen-reader-response\"><p role=\"status\" aria-live=\"polite\" aria-atomic=\"true\"><\/p> <ul><\/ul><\/div>\n<form action=\"\/en\/wp-json\/wp\/v2\/pages\/25#wpcf7-f727-o1\" method=\"post\" class=\"wpcf7-form init\" aria-label=\"Contact form\" novalidate=\"novalidate\" data-status=\"init\" data-trp-original-action=\"\/en\/wp-json\/wp\/v2\/pages\/25#wpcf7-f727-o1\">\n<fieldset class=\"hidden-fields-container\"><input type=\"hidden\" name=\"_wpcf7\" value=\"727\" \/><input type=\"hidden\" name=\"_wpcf7_version\" value=\"6.1.4\" \/><input type=\"hidden\" name=\"_wpcf7_locale\" value=\"en_US\" \/><input type=\"hidden\" name=\"_wpcf7_unit_tag\" value=\"wpcf7-f727-o1\" \/><input type=\"hidden\" name=\"_wpcf7_container_post\" value=\"0\" \/><input type=\"hidden\" name=\"_wpcf7_posted_data_hash\" value=\"\" \/>\n<\/fieldset>\n<div class=\"contact2\">\n\t<div class=\"pxl-contact-inner\">\n\t\t<div class=\"pxl-item-name\">\n\t\t\t<div class=\"input-filled name\">\n\t\t\t\t<p><span class=\"wpcf7-form-control-wrap\" data-name=\"text-707\"><input size=\"40\" maxlength=\"400\" class=\"wpcf7-form-control wpcf7-text wpcf7-validates-as-required\" aria-required=\"true\" aria-invalid=\"false\" placeholder=\"Your Name\" value=\"\" type=\"text\" name=\"text-707\" \/><\/span>\n\t\t\t\t<\/p>\n\t\t\t<\/div>\n\t\t<\/div>\n\t\t<div class=\"pxl-item-email\">\n\t\t\t<div class=\"input-filled email\">\n\t\t\t\t<p><span class=\"wpcf7-form-control-wrap\" data-name=\"email-761\"><input size=\"40\" maxlength=\"400\" class=\"wpcf7-form-control wpcf7-email wpcf7-validates-as-required wpcf7-text wpcf7-validates-as-email\" aria-required=\"true\" aria-invalid=\"false\" placeholder=\"Your Email\" value=\"\" type=\"email\" name=\"email-761\" \/><\/span>\n\t\t\t\t<\/p>\n\t\t\t<\/div>\n\t\t<\/div>\n\t\t<div class=\"pxl-item-phone\">\n\t\t\t<div class=\"input-filled phone\">\n\t\t\t\t<p><span class=\"wpcf7-form-control-wrap\" data-name=\"tel-733\"><input size=\"40\" maxlength=\"400\" class=\"wpcf7-form-control wpcf7-tel wpcf7-validates-as-required wpcf7-text wpcf7-validates-as-tel\" aria-required=\"true\" aria-invalid=\"false\" placeholder=\"Your Phone\" value=\"\" type=\"tel\" name=\"tel-733\" \/><\/span>\n\t\t\t\t<\/p>\n\t\t\t<\/div>\n\t\t<\/div>\n\t\t<div class=\"pxl-item-message\">\n\t\t\t<div class=\"input-filled message\">\n\t\t\t\t<p><span class=\"wpcf7-form-control-wrap\" data-name=\"textarea-648\"><textarea cols=\"40\" rows=\"10\" maxlength=\"2000\" class=\"wpcf7-form-control wpcf7-textarea wpcf7-validates-as-required\" aria-required=\"true\" aria-invalid=\"false\" placeholder=\"Your Message\" name=\"textarea-648\"><\/textarea><\/span>\n\t\t\t\t<\/p>\n\t\t\t<\/div>\n\t\t<\/div>\n\t\t<div class=\"ct-button\">\n\t\t\t<p><button class=\"btn btn-primary\" type=\"submit\" data-animation=\"pxl-xspin\">Send Message<\/button>\n\t\t\t<\/p>\n\t\t<\/div>\n\t<\/div>\n<\/div><div class=\"wpcf7-response-output\" aria-hidden=\"true\"><\/div>\n<input type=\"hidden\" name=\"trp-form-language\" value=\"en\"\/><\/form>\n<\/div>\n    <\/div>\r\n\t\t\t\t<\/div>\n\t\t\t\t<\/div>\n\t\t\t\t<\/div>\r\n\t\t\t\t<\/div>\r\n\t\t\t\t\t<\/div>\r\n\t\t\t\t<\/div>\r\n\t\t\t\t<\/div>","protected":false},"excerpt":{"rendered":"<p>Envie sua Mensagem Se voc\u00ea tiver alguma d\u00favida, sugest\u00e3o ou simplesmente quiser dizer ol\u00e1, este \u00e9 o lugar certo. Preencha o formul\u00e1rio abaixo com seus dados e mensagem, e entraremos em contato o mais breve poss\u00edvel. Sede Rua Dom Gerardo, 63, Sala 1401 \u2013 Centro, Rio de Janeiro \u2013 RJ Nos ligue +55 (21) 3390-4545 [&hellip;]<\/p>","protected":false},"author":1,"featured_media":0,"parent":0,"menu_order":0,"comment_status":"closed","ping_status":"closed","template":"","meta":{"footnotes":""},"class_list":["post-25","page","type-page","status-publish","hentry"],"yoast_head":"<!-- This site is optimized with the Yoast SEO plugin v26.9 - https:\/\/yoast.com\/product\/yoast-seo-wordpress\/ -->\n<title>Contate-nos - 5G - DIGITAL<\/title>\n<meta name=\"robots\" content=\"index, follow, max-snippet:-1, max-image-preview:large, max-video-preview:-1\" \/>\n<link rel=\"canonical\" href=\"https:\/\/lightblue-ibis-842147.hostingersite.com\/contact-us\/\" \/>\n<meta property=\"og:locale\" content=\"en_US\" \/>\n<meta property=\"og:type\" content=\"article\" \/>\n<meta property=\"og:title\" content=\"Contate-nos - 5G - DIGITAL\" \/>\n<meta property=\"og:description\" content=\"Envie sua Mensagem Se voc\u00ea tiver alguma d\u00favida, sugest\u00e3o ou simplesmente quiser dizer ol\u00e1, este \u00e9 o lugar certo. Preencha o formul\u00e1rio abaixo com seus dados e mensagem, e entraremos em contato o mais breve poss\u00edvel. Sede Rua Dom Gerardo, 63, Sala 1401 \u2013 Centro, Rio de Janeiro \u2013 RJ Nos ligue +55 (21) 3390-4545 [&hellip;]\" \/>\n<meta property=\"og:url\" content=\"https:\/\/lightblue-ibis-842147.hostingersite.com\/contact-us\/\" \/>\n<meta property=\"og:site_name\" content=\"5G - DIGITAL\" \/>\n<meta property=\"article:modified_time\" content=\"2026-01-07T20:44:20+00:00\" \/>\n<meta name=\"twitter:card\" content=\"summary_large_image\" \/>\n<script type=\"application\/ld+json\" class=\"yoast-schema-graph\">{\"@context\":\"https:\/\/schema.org\",\"@graph\":[{\"@type\":\"WebPage\",\"@id\":\"https:\/\/lightblue-ibis-842147.hostingersite.com\/contact-us\/\",\"url\":\"https:\/\/lightblue-ibis-842147.hostingersite.com\/contact-us\/\",\"name\":\"Contate-nos - 5G - DIGITAL\",\"isPartOf\":{\"@id\":\"https:\/\/5gdigital.com.br\/#website\"},\"datePublished\":\"2025-10-04T01:28:04+00:00\",\"dateModified\":\"2026-01-07T20:44:20+00:00\",\"breadcrumb\":{\"@id\":\"https:\/\/lightblue-ibis-842147.hostingersite.com\/contact-us\/#breadcrumb\"},\"inLanguage\":\"en-US\",\"potentialAction\":[{\"@type\":\"ReadAction\",\"target\":[\"https:\/\/lightblue-ibis-842147.hostingersite.com\/contact-us\/\"]}]},{\"@type\":\"BreadcrumbList\",\"@id\":\"https:\/\/lightblue-ibis-842147.hostingersite.com\/contact-us\/#breadcrumb\",\"itemListElement\":[{\"@type\":\"ListItem\",\"position\":1,\"name\":\"Home\",\"item\":\"https:\/\/5gdigital.com.br\/\"},{\"@type\":\"ListItem\",\"position\":2,\"name\":\"Contate-nos\"}]},{\"@type\":\"WebSite\",\"@id\":\"https:\/\/5gdigital.com.br\/#website\",\"url\":\"https:\/\/5gdigital.com.br\/\",\"name\":\"SEGURAN\u00c7A 360\",\"description\":\"SEGURAN\u00c7A 360\u00b0\",\"publisher\":{\"@id\":\"https:\/\/5gdigital.com.br\/#organization\"},\"potentialAction\":[{\"@type\":\"SearchAction\",\"target\":{\"@type\":\"EntryPoint\",\"urlTemplate\":\"https:\/\/5gdigital.com.br\/?s={search_term_string}\"},\"query-input\":{\"@type\":\"PropertyValueSpecification\",\"valueRequired\":true,\"valueName\":\"search_term_string\"}}],\"inLanguage\":\"en-US\"},{\"@type\":\"Organization\",\"@id\":\"https:\/\/5gdigital.com.br\/#organization\",\"name\":\"5G - DIGITAL\",\"url\":\"https:\/\/5gdigital.com.br\/\",\"logo\":{\"@type\":\"ImageObject\",\"inLanguage\":\"en-US\",\"@id\":\"https:\/\/5gdigital.com.br\/#\/schema\/logo\/image\/\",\"url\":\"https:\/\/5gdigital.com.br\/wp-content\/uploads\/2026\/02\/AZtQtiO9jS4sHDtJ6wngKw-AZtQtiO9a2bAuwnxygd1uw.png\",\"contentUrl\":\"https:\/\/5gdigital.com.br\/wp-content\/uploads\/2026\/02\/AZtQtiO9jS4sHDtJ6wngKw-AZtQtiO9a2bAuwnxygd1uw.png\",\"width\":1528,\"height\":1108,\"caption\":\"5G - DIGITAL\"},\"image\":{\"@id\":\"https:\/\/5gdigital.com.br\/#\/schema\/logo\/image\/\"}}]}<\/script>\n<!-- \/ Yoast SEO plugin. -->","yoast_head_json":{"title":"Contate-nos - 5G - DIGITAL","robots":{"index":"index","follow":"follow","max-snippet":"max-snippet:-1","max-image-preview":"max-image-preview:large","max-video-preview":"max-video-preview:-1"},"canonical":"https:\/\/lightblue-ibis-842147.hostingersite.com\/contact-us\/","og_locale":"en_US","og_type":"article","og_title":"Contate-nos - 5G - DIGITAL","og_description":"Envie sua Mensagem Se voc\u00ea tiver alguma d\u00favida, sugest\u00e3o ou simplesmente quiser dizer ol\u00e1, este \u00e9 o lugar certo. Preencha o formul\u00e1rio abaixo com seus dados e mensagem, e entraremos em contato o mais breve poss\u00edvel. Sede Rua Dom Gerardo, 63, Sala 1401 \u2013 Centro, Rio de Janeiro \u2013 RJ Nos ligue +55 (21) 3390-4545 [&hellip;]","og_url":"https:\/\/lightblue-ibis-842147.hostingersite.com\/contact-us\/","og_site_name":"5G - DIGITAL","article_modified_time":"2026-01-07T20:44:20+00:00","twitter_card":"summary_large_image","schema":{"@context":"https:\/\/schema.org","@graph":[{"@type":"WebPage","@id":"https:\/\/lightblue-ibis-842147.hostingersite.com\/contact-us\/","url":"https:\/\/lightblue-ibis-842147.hostingersite.com\/contact-us\/","name":"Contate-nos - 5G - DIGITAL","isPartOf":{"@id":"https:\/\/5gdigital.com.br\/#website"},"datePublished":"2025-10-04T01:28:04+00:00","dateModified":"2026-01-07T20:44:20+00:00","breadcrumb":{"@id":"https:\/\/lightblue-ibis-842147.hostingersite.com\/contact-us\/#breadcrumb"},"inLanguage":"en-US","potentialAction":[{"@type":"ReadAction","target":["https:\/\/lightblue-ibis-842147.hostingersite.com\/contact-us\/"]}]},{"@type":"BreadcrumbList","@id":"https:\/\/lightblue-ibis-842147.hostingersite.com\/contact-us\/#breadcrumb","itemListElement":[{"@type":"ListItem","position":1,"name":"Home","item":"https:\/\/5gdigital.com.br\/"},{"@type":"ListItem","position":2,"name":"Contate-nos"}]},{"@type":"WebSite","@id":"https:\/\/5gdigital.com.br\/#website","url":"https:\/\/5gdigital.com.br\/","name":"SEGURAN\u00c7A 360","description":"SEGURAN\u00c7A 360\u00b0","publisher":{"@id":"https:\/\/5gdigital.com.br\/#organization"},"potentialAction":[{"@type":"SearchAction","target":{"@type":"EntryPoint","urlTemplate":"https:\/\/5gdigital.com.br\/?s={search_term_string}"},"query-input":{"@type":"PropertyValueSpecification","valueRequired":true,"valueName":"search_term_string"}}],"inLanguage":"en-US"},{"@type":"Organization","@id":"https:\/\/5gdigital.com.br\/#organization","name":"5G - DIGITAL","url":"https:\/\/5gdigital.com.br\/","logo":{"@type":"ImageObject","inLanguage":"en-US","@id":"https:\/\/5gdigital.com.br\/#\/schema\/logo\/image\/","url":"https:\/\/5gdigital.com.br\/wp-content\/uploads\/2026\/02\/AZtQtiO9jS4sHDtJ6wngKw-AZtQtiO9a2bAuwnxygd1uw.png","contentUrl":"https:\/\/5gdigital.com.br\/wp-content\/uploads\/2026\/02\/AZtQtiO9jS4sHDtJ6wngKw-AZtQtiO9a2bAuwnxygd1uw.png","width":1528,"height":1108,"caption":"5G - DIGITAL"},"image":{"@id":"https:\/\/5gdigital.com.br\/#\/schema\/logo\/image\/"}}]}},"_hostinger_reach_plugin_has_subscription_block":false,"_hostinger_reach_plugin_is_elementor":false,"_links":{"self":[{"href":"https:\/\/5gdigital.com.br\/en\/wp-json\/wp\/v2\/pages\/25","targetHints":{"allow":["GET"]}}],"collection":[{"href":"https:\/\/5gdigital.com.br\/en\/wp-json\/wp\/v2\/pages"}],"about":[{"href":"https:\/\/5gdigital.com.br\/en\/wp-json\/wp\/v2\/types\/page"}],"author":[{"embeddable":true,"href":"https:\/\/5gdigital.com.br\/en\/wp-json\/wp\/v2\/users\/1"}],"replies":[{"embeddable":true,"href":"https:\/\/5gdigital.com.br\/en\/wp-json\/wp\/v2\/comments?post=25"}],"version-history":[{"count":7,"href":"https:\/\/5gdigital.com.br\/en\/wp-json\/wp\/v2\/pages\/25\/revisions"}],"predecessor-version":[{"id":2553,"href":"https:\/\/5gdigital.com.br\/en\/wp-json\/wp\/v2\/pages\/25\/revisions\/2553"}],"wp:attachment":[{"href":"https:\/\/5gdigital.com.br\/en\/wp-json\/wp\/v2\/media?parent=25"}],"curies":[{"name":"wp","href":"https:\/\/api.w.org\/{rel}","templated":true}]}}