{"id":29,"date":"2025-10-04T01:28:40","date_gmt":"2025-10-04T01:28:40","guid":{"rendered":"https:\/\/demo.bravisthemes.com\/cyberguard\/?page_id=29"},"modified":"2026-03-16T13:28:38","modified_gmt":"2026-03-16T13:28:38","slug":"appointment","status":"publish","type":"page","link":"https:\/\/5gdigital.com.br\/en\/appointment\/","title":{"rendered":"Appointment"},"content":{"rendered":"<div data-elementor-type=\"wp-page\" data-elementor-id=\"29\" class=\"elementor elementor-29\">\n\t\t\t\t<div class=\"elementor-element elementor-element-6bbc5c6 pxl-section-overflow-hidden section-dark e-flex e-con-boxed pxl-column-none pxl-row-scroll-none pxl-zoom-point-false pxl-section-fix-none pxl-full-content-with-space-none pxl-bg-color-none pxl-section-overlay-none e-con e-parent\" data-id=\"6bbc5c6\" data-element_type=\"container\"><div class=\"pxl-section-bg-parallax pxl--parallax\" data-stellar-background-ratio=\"0.5\" data-parallax=\"[]\"><\/div>\t\t\t<div class=\"e-con-inner\">\r\n\t\t<div class=\"elementor-element elementor-element-9bc5479 e-con-full e-flex pxl-column-none pxl-row-scroll-none pxl-zoom-point-false pxl-section-overflow-visible pxl-section-fix-none pxl-full-content-with-space-none pxl-bg-color-none pxl-section-overlay-none e-con e-child\" data-id=\"9bc5479\" data-element_type=\"container\" data-settings=\"{&quot;background_background&quot;:&quot;classic&quot;}\"><div class=\"elementor-element elementor-element-fac3018 e-con-full e-flex pxl-column-none pxl-row-scroll-none pxl-zoom-point-false pxl-section-overflow-visible pxl-section-fix-none pxl-full-content-with-space-none pxl-bg-color-none pxl-section-overlay-none e-con e-child\" data-id=\"fac3018\" data-element_type=\"container\">\t\t<div class=\"elementor-element elementor-element-60b54b2 elementor-widget elementor-widget-pxl_icon\" data-id=\"60b54b2\" data-element_type=\"widget\" data-widget_type=\"pxl_icon.default\">\n\t\t\t\t<div class=\"elementor-widget-container\">\n\t\t\t\t\t    <div class=\"pxl-icon-list pxl-icon1 style-default\" data-wow-delay=\"ms\">\r\n                                    <a class=\"elementor-repeater-item-c8cdc3e\" >\r\n                    <i aria-hidden=\"true\" class=\"fas fa-shield\"><\/i>                                    <\/a>\r\n                        <\/div>\r\n\t\t\t\t<\/div>\n\t\t\t\t<\/div>\n\t\t\t\t<div class=\"elementor-element elementor-element-f7708bd elementor-widget elementor-widget-pxl_text_editor\" data-id=\"f7708bd\" data-element_type=\"widget\" data-widget_type=\"pxl_text_editor.default\">\n\t\t\t\t<div class=\"elementor-widget-container\">\n\t\t\t\t\t<div id=\"pxl_text_editor-f7708bd-3439\" class=\"pxl-image-wg\" duration=\"1\">\n\t<div class=\"pxl-text-editor\">\n\t\t<div class=\"pxl-item--inner\" data-wow-delay=\"ms\">\n\t\t\t<p class=\"mb-3\">Teste gr\u00e1tis<\/p>\t\t\n\t\t<\/div>\n\t<\/div>\n<\/div>\t\t\t\t<\/div>\n\t\t\t\t<\/div>\n\t\t\t\t<\/div>\r\n\t\t\t\t<div class=\"elementor-element elementor-element-38a6255 elementor-widget elementor-widget-pxl_text_editor\" data-id=\"38a6255\" data-element_type=\"widget\" data-widget_type=\"pxl_text_editor.default\">\n\t\t\t\t<div class=\"elementor-widget-container\">\n\t\t\t\t\t<div id=\"pxl_text_editor-38a6255-9519\" class=\"pxl-image-wg\" duration=\"1\">\n\t<div class=\"pxl-text-editor\">\n\t\t<div class=\"pxl-item--inner\" data-wow-delay=\"ms\">\n\t\t\t<p>Preocupado com amea\u00e7as cibern\u00e9ticas? Agende hoje mesmo sua consulta gratuita e receba aconselhamento especializado sobre como proteger seus sistemas, dados e reputa\u00e7\u00e3o.<\/p>\t\t\n\t\t<\/div>\n\t<\/div>\n<\/div>\t\t\t\t<\/div>\n\t\t\t\t<\/div>\n\t\t\t\t<div class=\"elementor-element elementor-element-7074839 elementor-widget elementor-widget-pxl_contact_form\" data-id=\"7074839\" data-element_type=\"widget\" data-widget_type=\"pxl_contact_form.default\">\n\t\t\t\t<div class=\"elementor-widget-container\">\n\t\t\t\t\t    <div class=\"pxl-contact-form pxl-contact-form1 notice-style1 box-style-none btn-w-auto\" data-wow-delay=\"ms\">\r\n        \n<div class=\"wpcf7 no-js\" id=\"wpcf7-f7-o1\" lang=\"en-US\" dir=\"ltr\" data-wpcf7-id=\"7\">\n<div class=\"screen-reader-response\"><p role=\"status\" aria-live=\"polite\" aria-atomic=\"true\"><\/p> <ul><\/ul><\/div>\n<form action=\"\/en\/wp-json\/wp\/v2\/pages\/29#wpcf7-f7-o1\" method=\"post\" class=\"wpcf7-form init\" aria-label=\"Contact form\" novalidate=\"novalidate\" data-status=\"init\" data-trp-original-action=\"\/en\/wp-json\/wp\/v2\/pages\/29#wpcf7-f7-o1\">\n<fieldset class=\"hidden-fields-container\"><input type=\"hidden\" name=\"_wpcf7\" value=\"7\" \/><input type=\"hidden\" name=\"_wpcf7_version\" value=\"6.1.4\" \/><input type=\"hidden\" name=\"_wpcf7_locale\" value=\"en_US\" \/><input type=\"hidden\" name=\"_wpcf7_unit_tag\" value=\"wpcf7-f7-o1\" \/><input type=\"hidden\" name=\"_wpcf7_container_post\" value=\"0\" \/><input type=\"hidden\" name=\"_wpcf7_posted_data_hash\" value=\"\" \/>\n<\/fieldset>\n<div class=\"contact1\">\n\t<div class=\"pxl-select-service\">\n\t\t<div class=\"input-filled\">\n\t\t\t<p><span class=\"wpcf7-form-control-wrap\" data-name=\"menu-258\"><select class=\"wpcf7-form-control wpcf7-select wpcf7-validates-as-required\" aria-required=\"true\" aria-invalid=\"false\" multiple=\"multiple\" name=\"menu-258[]\"><option value=\"Select Cybersecurity Service\">Select Cybersecurity Service<\/option><option value=\"Network Vulnerability Assessment\">Network Vulnerability Assessment<\/option><option value=\"Penetration Testing\">Penetration Testing<\/option><option value=\"Managed Security Services\">Managed Security Services<\/option><option value=\"Incident Response Planning\">Incident Response Planning<\/option><option value=\"Security Awareness Training\">Security Awareness Training<\/option><option value=\"Compliance &amp; Risk Assessment\">Compliance &amp; Risk Assessment<\/option><\/select><\/span>\n\t\t\t<\/p>\n\t\t<\/div>\n\t<\/div>\n\t<div class=\"row pxl-date-time\">\n\t\t<div class=\"col-lg-6\">\n\t\t\t<div class=\"pxl-date\">\n\t\t\t\t<div class=\"pxl-date-content\">\n\t\t\t\t\t<p><span class=\"wpcf7-form-control-wrap\" data-name=\"your-date\"><br \/>\n<i class=\"pxl--form-icon caseicon-calendar-alt\"><\/i><br \/>\n<input size=\"40\" class=\"wpcf7-form-control wpcf7-text wpcf7-validates-as-required your-date\" aria-required=\"true\" aria-invalid=\"false\" placeholder=\"Date\" value=\"\" type=\"text\" name=\"your-date\" \/><br \/>\n<\/span>\n\t\t\t\t\t<\/p>\n\t\t\t\t<\/div>\n\t\t\t<\/div>\n\t\t<\/div>\n\t\t<div class=\"col-lg-6\">\n\t\t\t<div class=\"pxl-select-time\">\n\t\t\t\t<div class=\"input-filled\">\n\t\t\t\t\t<p><span class=\"wpcf7-form-control-wrap\" data-name=\"menu-259\"><select class=\"wpcf7-form-control wpcf7-select wpcf7-validates-as-required\" aria-required=\"true\" aria-invalid=\"false\" multiple=\"multiple\" name=\"menu-259[]\"><option value=\"Select Time\">Select Time<\/option><option value=\"10:00\">10:00<\/option><option value=\"11:00\">11:00<\/option><option value=\"12:00\">12:00<\/option><option value=\"13:00\">13:00<\/option><option value=\"14:00\">14:00<\/option><option value=\"15:00\">15:00<\/option><option value=\"16:00\">16:00<\/option><option value=\"17:00\">17:00<\/option><option value=\"18:00\">18:00<\/option><option value=\"19:00\">19:00<\/option><option value=\"20:00\">20:00<\/option><\/select><\/span>\n\t\t\t\t\t<\/p>\n\t\t\t\t<\/div>\n\t\t\t<\/div>\n\t\t<\/div>\n\t<\/div>\n\t<div class=\"pxl-contact-mail\">\n\t\t<div class=\"row\">\n\t\t\t<div class=\"col-lg-4\">\n\t\t\t\t<div class=\"pxl-item-name\">\n\t\t\t\t\t<div class=\"input-filled name\">\n\t\t\t\t\t\t<p><span class=\"wpcf7-form-control-wrap\" data-name=\"text-707\"><input size=\"40\" maxlength=\"400\" class=\"wpcf7-form-control wpcf7-text wpcf7-validates-as-required\" aria-required=\"true\" aria-invalid=\"false\" placeholder=\"Name\" value=\"\" type=\"text\" name=\"text-707\" \/><\/span>\n\t\t\t\t\t\t<\/p>\n\t\t\t\t\t<\/div>\n\t\t\t\t<\/div>\n\t\t\t<\/div>\n\t\t\t<div class=\"col-lg-4\">\n\t\t\t\t<div class=\"pxl-item-email\">\n\t\t\t\t\t<div class=\"input-filled email\">\n\t\t\t\t\t\t<p><span class=\"wpcf7-form-control-wrap\" data-name=\"email-761\"><input size=\"40\" maxlength=\"400\" class=\"wpcf7-form-control wpcf7-email wpcf7-validates-as-required wpcf7-text wpcf7-validates-as-email\" aria-required=\"true\" aria-invalid=\"false\" placeholder=\"Email\" value=\"\" type=\"email\" name=\"email-761\" \/><\/span>\n\t\t\t\t\t\t<\/p>\n\t\t\t\t\t<\/div>\n\t\t\t\t<\/div>\n\t\t\t<\/div>\n\t\t\t<div class=\"col-lg-4\">\n\t\t\t\t<div class=\"pxl-item-phone\">\n\t\t\t\t\t<div class=\"input-filled phone\">\n\t\t\t\t\t\t<p><span class=\"wpcf7-form-control-wrap\" data-name=\"tel-733\"><input size=\"40\" maxlength=\"400\" class=\"wpcf7-form-control wpcf7-tel wpcf7-validates-as-required wpcf7-text wpcf7-validates-as-tel\" aria-required=\"true\" aria-invalid=\"false\" placeholder=\"Phone\" value=\"\" type=\"tel\" name=\"tel-733\" \/><\/span>\n\t\t\t\t\t\t<\/p>\n\t\t\t\t\t<\/div>\n\t\t\t\t<\/div>\n\t\t\t<\/div>\n\t\t<\/div>\n\t\t<div class=\"pxl-item-message\">\n\t\t\t<div class=\"input-filled message\">\n\t\t\t\t<p><span class=\"wpcf7-form-control-wrap\" data-name=\"textarea-648\"><textarea cols=\"40\" rows=\"10\" maxlength=\"2000\" class=\"wpcf7-form-control wpcf7-textarea wpcf7-validates-as-required\" aria-required=\"true\" aria-invalid=\"false\" placeholder=\"Tell us about your security concerns or needs...\" name=\"textarea-648\"><\/textarea><\/span>\n\t\t\t\t<\/p>\n\t\t\t<\/div>\n\t\t<\/div>\n\t\t<div class=\"ct-button\">\n\t\t\t<p><button class=\"btn btn-primary\" type=\"submit\" data-animation=\"pxl-xspin\">Send Appointment<\/button>\n\t\t\t<\/p>\n\t\t<\/div>\n\t<\/div>\n<\/div><div class=\"wpcf7-response-output\" aria-hidden=\"true\"><\/div>\n<input type=\"hidden\" name=\"trp-form-language\" value=\"en\"\/><\/form>\n<\/div>\n    <\/div>\r\n\t\t\t\t<\/div>\n\t\t\t\t<\/div>\n\t\t\t\t<\/div>\r\n\t\t\t\t\t<\/div>\r\n\t\t\t\t<\/div>\r\n\t\t\t\t<\/div>","protected":false},"excerpt":{"rendered":"<p>Teste gr\u00e1tis Preocupado com amea\u00e7as cibern\u00e9ticas? Agende hoje mesmo sua consulta gratuita e receba aconselhamento especializado sobre como proteger seus sistemas, dados e reputa\u00e7\u00e3o. Select Cybersecurity ServiceNetwork Vulnerability AssessmentPenetration TestingManaged Security ServicesIncident Response PlanningSecurity Awareness TrainingCompliance &amp; Risk Assessment Select Time10:0011:0012:0013:0014:0015:0016:0017:0018:0019:0020:00 Send Appointment<\/p>","protected":false},"author":1,"featured_media":0,"parent":0,"menu_order":0,"comment_status":"closed","ping_status":"closed","template":"","meta":{"footnotes":""},"class_list":["post-29","page","type-page","status-publish","hentry"],"yoast_head":"<!-- This site is optimized with the Yoast SEO plugin v26.9 - https:\/\/yoast.com\/product\/yoast-seo-wordpress\/ -->\n<title>Appointment - 5G - DIGITAL<\/title>\n<meta name=\"robots\" content=\"index, follow, max-snippet:-1, max-image-preview:large, max-video-preview:-1\" \/>\n<link rel=\"canonical\" href=\"https:\/\/lightblue-ibis-842147.hostingersite.com\/appointment\/\" \/>\n<meta property=\"og:locale\" content=\"en_US\" \/>\n<meta property=\"og:type\" content=\"article\" \/>\n<meta property=\"og:title\" content=\"Appointment - 5G - DIGITAL\" \/>\n<meta property=\"og:description\" content=\"Teste gr\u00e1tis Preocupado com amea\u00e7as cibern\u00e9ticas? Agende hoje mesmo sua consulta gratuita e receba aconselhamento especializado sobre como proteger seus sistemas, dados e reputa\u00e7\u00e3o. Select Cybersecurity ServiceNetwork Vulnerability AssessmentPenetration TestingManaged Security ServicesIncident Response PlanningSecurity Awareness TrainingCompliance &amp; Risk Assessment Select Time10:0011:0012:0013:0014:0015:0016:0017:0018:0019:0020:00 Send Appointment\" \/>\n<meta property=\"og:url\" content=\"https:\/\/lightblue-ibis-842147.hostingersite.com\/appointment\/\" \/>\n<meta property=\"og:site_name\" content=\"5G - DIGITAL\" \/>\n<meta property=\"article:modified_time\" content=\"2026-03-16T13:28:38+00:00\" \/>\n<meta name=\"twitter:card\" content=\"summary_large_image\" \/>\n<meta name=\"twitter:label1\" content=\"Est. reading time\" \/>\n\t<meta name=\"twitter:data1\" content=\"1 minute\" \/>\n<script type=\"application\/ld+json\" class=\"yoast-schema-graph\">{\"@context\":\"https:\/\/schema.org\",\"@graph\":[{\"@type\":\"WebPage\",\"@id\":\"https:\/\/lightblue-ibis-842147.hostingersite.com\/appointment\/\",\"url\":\"https:\/\/lightblue-ibis-842147.hostingersite.com\/appointment\/\",\"name\":\"Appointment - 5G - DIGITAL\",\"isPartOf\":{\"@id\":\"https:\/\/5gdigital.com.br\/#website\"},\"datePublished\":\"2025-10-04T01:28:40+00:00\",\"dateModified\":\"2026-03-16T13:28:38+00:00\",\"breadcrumb\":{\"@id\":\"https:\/\/lightblue-ibis-842147.hostingersite.com\/appointment\/#breadcrumb\"},\"inLanguage\":\"en-US\",\"potentialAction\":[{\"@type\":\"ReadAction\",\"target\":[\"https:\/\/lightblue-ibis-842147.hostingersite.com\/appointment\/\"]}]},{\"@type\":\"BreadcrumbList\",\"@id\":\"https:\/\/lightblue-ibis-842147.hostingersite.com\/appointment\/#breadcrumb\",\"itemListElement\":[{\"@type\":\"ListItem\",\"position\":1,\"name\":\"Home\",\"item\":\"https:\/\/5gdigital.com.br\/\"},{\"@type\":\"ListItem\",\"position\":2,\"name\":\"Appointment\"}]},{\"@type\":\"WebSite\",\"@id\":\"https:\/\/5gdigital.com.br\/#website\",\"url\":\"https:\/\/5gdigital.com.br\/\",\"name\":\"SEGURAN\u00c7A 360\",\"description\":\"SEGURAN\u00c7A 360\u00b0\",\"publisher\":{\"@id\":\"https:\/\/5gdigital.com.br\/#organization\"},\"potentialAction\":[{\"@type\":\"SearchAction\",\"target\":{\"@type\":\"EntryPoint\",\"urlTemplate\":\"https:\/\/5gdigital.com.br\/?s={search_term_string}\"},\"query-input\":{\"@type\":\"PropertyValueSpecification\",\"valueRequired\":true,\"valueName\":\"search_term_string\"}}],\"inLanguage\":\"en-US\"},{\"@type\":\"Organization\",\"@id\":\"https:\/\/5gdigital.com.br\/#organization\",\"name\":\"5G - DIGITAL\",\"url\":\"https:\/\/5gdigital.com.br\/\",\"logo\":{\"@type\":\"ImageObject\",\"inLanguage\":\"en-US\",\"@id\":\"https:\/\/5gdigital.com.br\/#\/schema\/logo\/image\/\",\"url\":\"https:\/\/5gdigital.com.br\/wp-content\/uploads\/2026\/02\/AZtQtiO9jS4sHDtJ6wngKw-AZtQtiO9a2bAuwnxygd1uw.png\",\"contentUrl\":\"https:\/\/5gdigital.com.br\/wp-content\/uploads\/2026\/02\/AZtQtiO9jS4sHDtJ6wngKw-AZtQtiO9a2bAuwnxygd1uw.png\",\"width\":1528,\"height\":1108,\"caption\":\"5G - DIGITAL\"},\"image\":{\"@id\":\"https:\/\/5gdigital.com.br\/#\/schema\/logo\/image\/\"}}]}<\/script>\n<!-- \/ Yoast SEO plugin. -->","yoast_head_json":{"title":"Appointment - 5G - DIGITAL","robots":{"index":"index","follow":"follow","max-snippet":"max-snippet:-1","max-image-preview":"max-image-preview:large","max-video-preview":"max-video-preview:-1"},"canonical":"https:\/\/lightblue-ibis-842147.hostingersite.com\/appointment\/","og_locale":"en_US","og_type":"article","og_title":"Appointment - 5G - DIGITAL","og_description":"Teste gr\u00e1tis Preocupado com amea\u00e7as cibern\u00e9ticas? Agende hoje mesmo sua consulta gratuita e receba aconselhamento especializado sobre como proteger seus sistemas, dados e reputa\u00e7\u00e3o. Select Cybersecurity ServiceNetwork Vulnerability AssessmentPenetration TestingManaged Security ServicesIncident Response PlanningSecurity Awareness TrainingCompliance &amp; Risk Assessment Select Time10:0011:0012:0013:0014:0015:0016:0017:0018:0019:0020:00 Send Appointment","og_url":"https:\/\/lightblue-ibis-842147.hostingersite.com\/appointment\/","og_site_name":"5G - DIGITAL","article_modified_time":"2026-03-16T13:28:38+00:00","twitter_card":"summary_large_image","twitter_misc":{"Est. reading time":"1 minute"},"schema":{"@context":"https:\/\/schema.org","@graph":[{"@type":"WebPage","@id":"https:\/\/lightblue-ibis-842147.hostingersite.com\/appointment\/","url":"https:\/\/lightblue-ibis-842147.hostingersite.com\/appointment\/","name":"Appointment - 5G - DIGITAL","isPartOf":{"@id":"https:\/\/5gdigital.com.br\/#website"},"datePublished":"2025-10-04T01:28:40+00:00","dateModified":"2026-03-16T13:28:38+00:00","breadcrumb":{"@id":"https:\/\/lightblue-ibis-842147.hostingersite.com\/appointment\/#breadcrumb"},"inLanguage":"en-US","potentialAction":[{"@type":"ReadAction","target":["https:\/\/lightblue-ibis-842147.hostingersite.com\/appointment\/"]}]},{"@type":"BreadcrumbList","@id":"https:\/\/lightblue-ibis-842147.hostingersite.com\/appointment\/#breadcrumb","itemListElement":[{"@type":"ListItem","position":1,"name":"Home","item":"https:\/\/5gdigital.com.br\/"},{"@type":"ListItem","position":2,"name":"Appointment"}]},{"@type":"WebSite","@id":"https:\/\/5gdigital.com.br\/#website","url":"https:\/\/5gdigital.com.br\/","name":"SEGURAN\u00c7A 360","description":"SEGURAN\u00c7A 360\u00b0","publisher":{"@id":"https:\/\/5gdigital.com.br\/#organization"},"potentialAction":[{"@type":"SearchAction","target":{"@type":"EntryPoint","urlTemplate":"https:\/\/5gdigital.com.br\/?s={search_term_string}"},"query-input":{"@type":"PropertyValueSpecification","valueRequired":true,"valueName":"search_term_string"}}],"inLanguage":"en-US"},{"@type":"Organization","@id":"https:\/\/5gdigital.com.br\/#organization","name":"5G - DIGITAL","url":"https:\/\/5gdigital.com.br\/","logo":{"@type":"ImageObject","inLanguage":"en-US","@id":"https:\/\/5gdigital.com.br\/#\/schema\/logo\/image\/","url":"https:\/\/5gdigital.com.br\/wp-content\/uploads\/2026\/02\/AZtQtiO9jS4sHDtJ6wngKw-AZtQtiO9a2bAuwnxygd1uw.png","contentUrl":"https:\/\/5gdigital.com.br\/wp-content\/uploads\/2026\/02\/AZtQtiO9jS4sHDtJ6wngKw-AZtQtiO9a2bAuwnxygd1uw.png","width":1528,"height":1108,"caption":"5G - DIGITAL"},"image":{"@id":"https:\/\/5gdigital.com.br\/#\/schema\/logo\/image\/"}}]}},"_hostinger_reach_plugin_has_subscription_block":false,"_hostinger_reach_plugin_is_elementor":false,"_links":{"self":[{"href":"https:\/\/5gdigital.com.br\/en\/wp-json\/wp\/v2\/pages\/29","targetHints":{"allow":["GET"]}}],"collection":[{"href":"https:\/\/5gdigital.com.br\/en\/wp-json\/wp\/v2\/pages"}],"about":[{"href":"https:\/\/5gdigital.com.br\/en\/wp-json\/wp\/v2\/types\/page"}],"author":[{"embeddable":true,"href":"https:\/\/5gdigital.com.br\/en\/wp-json\/wp\/v2\/users\/1"}],"replies":[{"embeddable":true,"href":"https:\/\/5gdigital.com.br\/en\/wp-json\/wp\/v2\/comments?post=29"}],"version-history":[{"count":7,"href":"https:\/\/5gdigital.com.br\/en\/wp-json\/wp\/v2\/pages\/29\/revisions"}],"predecessor-version":[{"id":2746,"href":"https:\/\/5gdigital.com.br\/en\/wp-json\/wp\/v2\/pages\/29\/revisions\/2746"}],"wp:attachment":[{"href":"https:\/\/5gdigital.com.br\/en\/wp-json\/wp\/v2\/media?parent=29"}],"curies":[{"name":"wp","href":"https:\/\/api.w.org\/{rel}","templated":true}]}}