{"id":352,"date":"2025-10-08T08:37:55","date_gmt":"2025-10-08T08:37:55","guid":{"rendered":"https:\/\/demo.bravisthemes.com\/cyberguard\/?page_id=352"},"modified":"2026-02-08T12:09:40","modified_gmt":"2026-02-08T12:09:40","slug":"projetos5g","status":"publish","type":"page","link":"https:\/\/5gdigital.com.br\/en\/projetos5g\/","title":{"rendered":"Projetos 5G"},"content":{"rendered":"<div data-elementor-type=\"wp-page\" data-elementor-id=\"352\" class=\"elementor elementor-352\">\n\t\t\t\t<div class=\"elementor-element elementor-element-d36690f e-flex e-con-boxed pxl-column-none pxl-row-scroll-none pxl-zoom-point-false pxl-section-overflow-visible pxl-section-fix-none pxl-full-content-with-space-none pxl-bg-color-none pxl-section-overlay-none e-con e-parent\" data-id=\"d36690f\" data-element_type=\"container\">\t\t\t<div class=\"e-con-inner\">\r\n\t\t<div class=\"elementor-element elementor-element-31ee9c7 e-con-full e-flex pxl-column-none pxl-row-scroll-none pxl-zoom-point-false pxl-section-overflow-visible pxl-section-fix-none pxl-full-content-with-space-none pxl-bg-color-none pxl-section-overlay-none e-con e-child\" data-id=\"31ee9c7\" data-element_type=\"container\">\t\t<div class=\"elementor-element elementor-element-1d45826 pxl-post-layout-portfolio-1 elementor-widget elementor-widget-pxl_post_grid\" data-id=\"1d45826\" data-element_type=\"widget\" data-widget_type=\"pxl_post_grid.default\">\n\t\t\t\t<div class=\"elementor-widget-container\">\n\t\t\t\t\t\n<div id=\"pxl_post_grid-1d45826-8026\" class=\"pxl-grid pxl-portfolio-grid pxl-portfolio-grid-layout1\" data-start-page=\"1\" data-max-pages=\"1\" data-total=\"6\" data-perpage=\"6\" data-next-link=\"\" data-layout=\"masonry\">\n    \n    <div class=\"pxl-grid-inner pxl-grid-masonry row\" data-gutter=\"15\">\n        <div class=\"grid-sizer col-xl-4 col-lg-6 col-md-6 col-sm-6 col-12\"><\/div>\n                        <div class=\"pxl-grid-item col-xl-4 col-lg-6 col-md-6 col-sm-6 col-12\">\n                    <div class=\"pxl-post--inner\" data-wow-duration=\"1.2s\">\n                        <span class=\"pxl-post--overlay\"><\/span>\n                        <div class=\"pxl-post--featured hover-imge-effect3\">\n                            <img fetchpriority=\"high\" decoding=\"async\" class=\"no-lazyload\" src=\"https:\/\/5gdigital.com.br\/wp-content\/uploads\/2025\/10\/projects-img6-1000x1000.jpg\" width=\"1000\" height=\"1000\" alt=\"projects-img6\" title=\"projects-img6\" \/>                        <\/div>\n                        <h6 class=\"pxl-post--title\">\n                             Macro Holding                        <\/h6>\n                        <div class=\"pxl-post--holder\">\n                                                            <div class=\"pxl-item--content\">\n                                    Implementa\u00e7\u00e3o completa de infraestrutura TI da Macro Holding at\u00e9 opera\u00e7\u00e3o plena.                                <\/div>\n                                                                                        <div class=\"pxl-post--btn\">\n                                    <a class=\"pxl-item-btn\" href=\"https:\/\/5gdigital.com.br\/en\/portfolio\/customer-data-protection\/\">\n                                        <span class=\"pxl-btn-title\">View Details<\/span>\n                                    <\/a>\n                                <\/div>\n                                                    <\/div>\n                    <\/div>\n                <\/div>\n                                    <div class=\"pxl-grid-item col-xl-4 col-lg-6 col-md-6 col-sm-6 col-12\">\n                    <div class=\"pxl-post--inner\" data-wow-duration=\"1.2s\">\n                        <span class=\"pxl-post--overlay\"><\/span>\n                        <div class=\"pxl-post--featured hover-imge-effect3\">\n                            <img decoding=\"async\" class=\"no-lazyload\" src=\"https:\/\/5gdigital.com.br\/wp-content\/uploads\/2025\/10\/projects-img5-1000x1000.jpg\" width=\"1000\" height=\"1000\" alt=\"projects-img5\" title=\"projects-img5\" \/>                        <\/div>\n                        <h6 class=\"pxl-post--title\">\n                             Migra\u00e7\u00e3o de Data Center                        <\/h6>\n                        <div class=\"pxl-post--holder\">\n                                                            <div class=\"pxl-item--content\">\n                                    Migra\u00e7\u00e3o estrat\u00e9gica de data center da nuvem para servidores dedicados pr\u00f3prios.                                <\/div>\n                                                                                        <div class=\"pxl-post--btn\">\n                                    <a class=\"pxl-item-btn\" href=\"https:\/\/5gdigital.com.br\/en\/portfolio\/remote-workforce-protection\/\">\n                                        <span class=\"pxl-btn-title\">View Details<\/span>\n                                    <\/a>\n                                <\/div>\n                                                    <\/div>\n                    <\/div>\n                <\/div>\n                                    <div class=\"pxl-grid-item col-xl-4 col-lg-6 col-md-6 col-sm-6 col-12\">\n                    <div class=\"pxl-post--inner\" data-wow-duration=\"1.2s\">\n                        <span class=\"pxl-post--overlay\"><\/span>\n                        <div class=\"pxl-post--featured hover-imge-effect3\">\n                            <img decoding=\"async\" class=\"no-lazyload\" src=\"https:\/\/5gdigital.com.br\/wp-content\/uploads\/2025\/10\/projects-img4-1000x1000.jpg\" width=\"1000\" height=\"1000\" alt=\"projects-img4\" title=\"projects-img4\" \/>                        <\/div>\n                        <h6 class=\"pxl-post--title\">\n                             Pentesting para Compliance                        <\/h6>\n                        <div class=\"pxl-post--holder\">\n                                                            <div class=\"pxl-item--content\">\n                                    Pentesting avan\u00e7ado para compliance e seguran\u00e7a da FullTime.                                <\/div>\n                                                                                        <div class=\"pxl-post--btn\">\n                                    <a class=\"pxl-item-btn\" href=\"https:\/\/5gdigital.com.br\/en\/portfolio\/real-time-threat-detection\/\">\n                                        <span class=\"pxl-btn-title\">View Details<\/span>\n                                    <\/a>\n                                <\/div>\n                                                    <\/div>\n                    <\/div>\n                <\/div>\n                                    <div class=\"pxl-grid-item col-xl-4 col-lg-6 col-md-6 col-sm-6 col-12\">\n                    <div class=\"pxl-post--inner\" data-wow-duration=\"1.2s\">\n                        <span class=\"pxl-post--overlay\"><\/span>\n                        <div class=\"pxl-post--featured hover-imge-effect3\">\n                            <img loading=\"lazy\" decoding=\"async\" class=\"no-lazyload\" src=\"https:\/\/5gdigital.com.br\/wp-content\/uploads\/2025\/10\/projects-img3-1000x1000.jpg\" width=\"1000\" height=\"1000\" alt=\"projects-img3\" title=\"projects-img3\" \/>                        <\/div>\n                        <h6 class=\"pxl-post--title\">\n                             Automa\u00e7\u00e3o residencial                        <\/h6>\n                        <div class=\"pxl-post--holder\">\n                                                            <div class=\"pxl-item--content\">\n                                    Projetos de automa\u00e7\u00e3o residencial em casas de alto padr\u00e3o.                                <\/div>\n                                                                                        <div class=\"pxl-post--btn\">\n                                    <a class=\"pxl-item-btn\" href=\"https:\/\/5gdigital.com.br\/en\/portfolio\/law-firm-cyber-resilience\/\">\n                                        <span class=\"pxl-btn-title\">View Details<\/span>\n                                    <\/a>\n                                <\/div>\n                                                    <\/div>\n                    <\/div>\n                <\/div>\n                                    <div class=\"pxl-grid-item col-xl-4 col-lg-6 col-md-6 col-sm-6 col-12\">\n                    <div class=\"pxl-post--inner\" data-wow-duration=\"1.2s\">\n                        <span class=\"pxl-post--overlay\"><\/span>\n                        <div class=\"pxl-post--featured hover-imge-effect3\">\n                            <img loading=\"lazy\" decoding=\"async\" class=\"no-lazyload\" src=\"https:\/\/5gdigital.com.br\/wp-content\/uploads\/2025\/10\/projects-img2-1000x1000.jpg\" width=\"1000\" height=\"1000\" alt=\"projects-img2\" title=\"projects-img2\" \/>                        <\/div>\n                        <h6 class=\"pxl-post--title\">\n                             Aplicativo 5g                        <\/h6>\n                        <div class=\"pxl-post--holder\">\n                                                            <div class=\"pxl-item--content\">\n                                    Cria\u00e7\u00e3o, desenvolvimento e opera\u00e7\u00e3o do aplicativo 5G Control.                                <\/div>\n                                                                                        <div class=\"pxl-post--btn\">\n                                    <a class=\"pxl-item-btn\" href=\"https:\/\/5gdigital.com.br\/en\/portfolio\/cloud-misconfiguration-fix\/\">\n                                        <span class=\"pxl-btn-title\">View Details<\/span>\n                                    <\/a>\n                                <\/div>\n                                                    <\/div>\n                    <\/div>\n                <\/div>\n                                    <div class=\"pxl-grid-item col-xl-4 col-lg-6 col-md-6 col-sm-6 col-12\">\n                    <div class=\"pxl-post--inner\" data-wow-duration=\"1.2s\">\n                        <span class=\"pxl-post--overlay\"><\/span>\n                        <div class=\"pxl-post--featured hover-imge-effect3\">\n                            <img loading=\"lazy\" decoding=\"async\" class=\"no-lazyload\" src=\"https:\/\/5gdigital.com.br\/wp-content\/uploads\/2025\/10\/projects-img1-1000x1000.jpg\" width=\"1000\" height=\"1000\" alt=\"projects-img1\" title=\"projects-img1\" \/>                        <\/div>\n                        <h6 class=\"pxl-post--title\">\n                             Consultorias                        <\/h6>\n                        <div class=\"pxl-post--holder\">\n                                                            <div class=\"pxl-item--content\">\n                                    Consultoria em seguran\u00e7a eletr\u00f4nica, patrimonial e corporativa integrada.                                <\/div>\n                                                                                        <div class=\"pxl-post--btn\">\n                                    <a class=\"pxl-item-btn\" href=\"https:\/\/5gdigital.com.br\/en\/portfolio\/e-commerce-platform-security\/\">\n                                        <span class=\"pxl-btn-title\">View Details<\/span>\n                                    <\/a>\n                                <\/div>\n                                                    <\/div>\n                    <\/div>\n                <\/div>\n                        <\/div>\n        <\/div>\t\t\t\t<\/div>\n\t\t\t\t<\/div>\n\t\t\t\t<\/div>\r\n\t\t\t\t\t<\/div>\r\n\t\t\t\t<\/div>\r\n\t\t\t\t<\/div>","protected":false},"excerpt":{"rendered":"<p>Macro Holding Implementa\u00e7\u00e3o completa de infraestrutura TI da Macro Holding at\u00e9 opera\u00e7\u00e3o plena. View Details Migra\u00e7\u00e3o de Data Center Migra\u00e7\u00e3o estrat\u00e9gica de data center da nuvem para servidores dedicados pr\u00f3prios. View Details Pentesting para Compliance Pentesting avan\u00e7ado para compliance e seguran\u00e7a da FullTime. View Details Automa\u00e7\u00e3o residencial Projetos de automa\u00e7\u00e3o residencial em casas de alto [&hellip;]<\/p>","protected":false},"author":1,"featured_media":0,"parent":0,"menu_order":0,"comment_status":"closed","ping_status":"closed","template":"","meta":{"footnotes":""},"class_list":["post-352","page","type-page","status-publish","hentry"],"yoast_head":"<!-- This site is optimized with the Yoast SEO plugin v26.9 - https:\/\/yoast.com\/product\/yoast-seo-wordpress\/ -->\n<title>Projetos 5G - 5G - DIGITAL<\/title>\n<meta name=\"robots\" content=\"index, follow, max-snippet:-1, max-image-preview:large, max-video-preview:-1\" \/>\n<link rel=\"canonical\" href=\"https:\/\/5gdigital.com.br\/en\/projetos5g\/\" \/>\n<meta property=\"og:locale\" content=\"en_US\" \/>\n<meta property=\"og:type\" content=\"article\" \/>\n<meta property=\"og:title\" content=\"Projetos 5G - 5G - DIGITAL\" \/>\n<meta property=\"og:description\" content=\"Macro Holding Implementa\u00e7\u00e3o completa de infraestrutura TI da Macro Holding at\u00e9 opera\u00e7\u00e3o plena. View Details Migra\u00e7\u00e3o de Data Center Migra\u00e7\u00e3o estrat\u00e9gica de data center da nuvem para servidores dedicados pr\u00f3prios. View Details Pentesting para Compliance Pentesting avan\u00e7ado para compliance e seguran\u00e7a da FullTime. View Details Automa\u00e7\u00e3o residencial Projetos de automa\u00e7\u00e3o residencial em casas de alto [&hellip;]\" \/>\n<meta property=\"og:url\" content=\"https:\/\/5gdigital.com.br\/en\/projetos5g\/\" \/>\n<meta property=\"og:site_name\" content=\"5G - DIGITAL\" \/>\n<meta property=\"article:modified_time\" content=\"2026-02-08T12:09:40+00:00\" \/>\n<meta property=\"og:image\" content=\"https:\/\/5gdigital.com.br\/wp-content\/uploads\/2025\/10\/projects-img6-1000x1000.jpg\" \/>\n<meta name=\"twitter:card\" content=\"summary_large_image\" \/>\n<script type=\"application\/ld+json\" class=\"yoast-schema-graph\">{\"@context\":\"https:\/\/schema.org\",\"@graph\":[{\"@type\":\"WebPage\",\"@id\":\"https:\/\/5gdigital.com.br\/en\/projetos5g\/\",\"url\":\"https:\/\/5gdigital.com.br\/en\/projetos5g\/\",\"name\":\"Projetos 5G - 5G - DIGITAL\",\"isPartOf\":{\"@id\":\"https:\/\/5gdigital.com.br\/#website\"},\"primaryImageOfPage\":{\"@id\":\"https:\/\/5gdigital.com.br\/en\/projetos5g\/#primaryimage\"},\"image\":{\"@id\":\"https:\/\/5gdigital.com.br\/en\/projetos5g\/#primaryimage\"},\"thumbnailUrl\":\"https:\/\/5gdigital.com.br\/wp-content\/uploads\/2025\/10\/projects-img6-1000x1000.jpg\",\"datePublished\":\"2025-10-08T08:37:55+00:00\",\"dateModified\":\"2026-02-08T12:09:40+00:00\",\"breadcrumb\":{\"@id\":\"https:\/\/5gdigital.com.br\/en\/projetos5g\/#breadcrumb\"},\"inLanguage\":\"en-US\",\"potentialAction\":[{\"@type\":\"ReadAction\",\"target\":[\"https:\/\/5gdigital.com.br\/en\/projetos5g\/\"]}]},{\"@type\":\"ImageObject\",\"inLanguage\":\"en-US\",\"@id\":\"https:\/\/5gdigital.com.br\/en\/projetos5g\/#primaryimage\",\"url\":\"https:\/\/5gdigital.com.br\/wp-content\/uploads\/2025\/10\/projects-img6-1000x1000.jpg\",\"contentUrl\":\"https:\/\/5gdigital.com.br\/wp-content\/uploads\/2025\/10\/projects-img6-1000x1000.jpg\"},{\"@type\":\"BreadcrumbList\",\"@id\":\"https:\/\/5gdigital.com.br\/en\/projetos5g\/#breadcrumb\",\"itemListElement\":[{\"@type\":\"ListItem\",\"position\":1,\"name\":\"Home\",\"item\":\"https:\/\/5gdigital.com.br\/\"},{\"@type\":\"ListItem\",\"position\":2,\"name\":\"Projetos 5G\"}]},{\"@type\":\"WebSite\",\"@id\":\"https:\/\/5gdigital.com.br\/#website\",\"url\":\"https:\/\/5gdigital.com.br\/\",\"name\":\"SEGURAN\u00c7A 360\",\"description\":\"SEGURAN\u00c7A 360\u00b0\",\"publisher\":{\"@id\":\"https:\/\/5gdigital.com.br\/#organization\"},\"potentialAction\":[{\"@type\":\"SearchAction\",\"target\":{\"@type\":\"EntryPoint\",\"urlTemplate\":\"https:\/\/5gdigital.com.br\/?s={search_term_string}\"},\"query-input\":{\"@type\":\"PropertyValueSpecification\",\"valueRequired\":true,\"valueName\":\"search_term_string\"}}],\"inLanguage\":\"en-US\"},{\"@type\":\"Organization\",\"@id\":\"https:\/\/5gdigital.com.br\/#organization\",\"name\":\"5G - DIGITAL\",\"url\":\"https:\/\/5gdigital.com.br\/\",\"logo\":{\"@type\":\"ImageObject\",\"inLanguage\":\"en-US\",\"@id\":\"https:\/\/5gdigital.com.br\/#\/schema\/logo\/image\/\",\"url\":\"https:\/\/5gdigital.com.br\/wp-content\/uploads\/2026\/02\/AZtQtiO9jS4sHDtJ6wngKw-AZtQtiO9a2bAuwnxygd1uw.png\",\"contentUrl\":\"https:\/\/5gdigital.com.br\/wp-content\/uploads\/2026\/02\/AZtQtiO9jS4sHDtJ6wngKw-AZtQtiO9a2bAuwnxygd1uw.png\",\"width\":1528,\"height\":1108,\"caption\":\"5G - DIGITAL\"},\"image\":{\"@id\":\"https:\/\/5gdigital.com.br\/#\/schema\/logo\/image\/\"}}]}<\/script>\n<!-- \/ Yoast SEO plugin. -->","yoast_head_json":{"title":"Projetos 5G - 5G - DIGITAL","robots":{"index":"index","follow":"follow","max-snippet":"max-snippet:-1","max-image-preview":"max-image-preview:large","max-video-preview":"max-video-preview:-1"},"canonical":"https:\/\/5gdigital.com.br\/en\/projetos5g\/","og_locale":"en_US","og_type":"article","og_title":"Projetos 5G - 5G - DIGITAL","og_description":"Macro Holding Implementa\u00e7\u00e3o completa de infraestrutura TI da Macro Holding at\u00e9 opera\u00e7\u00e3o plena. View Details Migra\u00e7\u00e3o de Data Center Migra\u00e7\u00e3o estrat\u00e9gica de data center da nuvem para servidores dedicados pr\u00f3prios. View Details Pentesting para Compliance Pentesting avan\u00e7ado para compliance e seguran\u00e7a da FullTime. View Details Automa\u00e7\u00e3o residencial Projetos de automa\u00e7\u00e3o residencial em casas de alto [&hellip;]","og_url":"https:\/\/5gdigital.com.br\/en\/projetos5g\/","og_site_name":"5G - DIGITAL","article_modified_time":"2026-02-08T12:09:40+00:00","og_image":[{"url":"https:\/\/5gdigital.com.br\/wp-content\/uploads\/2025\/10\/projects-img6-1000x1000.jpg","type":"","width":"","height":""}],"twitter_card":"summary_large_image","schema":{"@context":"https:\/\/schema.org","@graph":[{"@type":"WebPage","@id":"https:\/\/5gdigital.com.br\/en\/projetos5g\/","url":"https:\/\/5gdigital.com.br\/en\/projetos5g\/","name":"Projetos 5G - 5G - DIGITAL","isPartOf":{"@id":"https:\/\/5gdigital.com.br\/#website"},"primaryImageOfPage":{"@id":"https:\/\/5gdigital.com.br\/en\/projetos5g\/#primaryimage"},"image":{"@id":"https:\/\/5gdigital.com.br\/en\/projetos5g\/#primaryimage"},"thumbnailUrl":"https:\/\/5gdigital.com.br\/wp-content\/uploads\/2025\/10\/projects-img6-1000x1000.jpg","datePublished":"2025-10-08T08:37:55+00:00","dateModified":"2026-02-08T12:09:40+00:00","breadcrumb":{"@id":"https:\/\/5gdigital.com.br\/en\/projetos5g\/#breadcrumb"},"inLanguage":"en-US","potentialAction":[{"@type":"ReadAction","target":["https:\/\/5gdigital.com.br\/en\/projetos5g\/"]}]},{"@type":"ImageObject","inLanguage":"en-US","@id":"https:\/\/5gdigital.com.br\/en\/projetos5g\/#primaryimage","url":"https:\/\/5gdigital.com.br\/wp-content\/uploads\/2025\/10\/projects-img6-1000x1000.jpg","contentUrl":"https:\/\/5gdigital.com.br\/wp-content\/uploads\/2025\/10\/projects-img6-1000x1000.jpg"},{"@type":"BreadcrumbList","@id":"https:\/\/5gdigital.com.br\/en\/projetos5g\/#breadcrumb","itemListElement":[{"@type":"ListItem","position":1,"name":"Home","item":"https:\/\/5gdigital.com.br\/"},{"@type":"ListItem","position":2,"name":"Projetos 5G"}]},{"@type":"WebSite","@id":"https:\/\/5gdigital.com.br\/#website","url":"https:\/\/5gdigital.com.br\/","name":"SEGURAN\u00c7A 360","description":"SEGURAN\u00c7A 360\u00b0","publisher":{"@id":"https:\/\/5gdigital.com.br\/#organization"},"potentialAction":[{"@type":"SearchAction","target":{"@type":"EntryPoint","urlTemplate":"https:\/\/5gdigital.com.br\/?s={search_term_string}"},"query-input":{"@type":"PropertyValueSpecification","valueRequired":true,"valueName":"search_term_string"}}],"inLanguage":"en-US"},{"@type":"Organization","@id":"https:\/\/5gdigital.com.br\/#organization","name":"5G - DIGITAL","url":"https:\/\/5gdigital.com.br\/","logo":{"@type":"ImageObject","inLanguage":"en-US","@id":"https:\/\/5gdigital.com.br\/#\/schema\/logo\/image\/","url":"https:\/\/5gdigital.com.br\/wp-content\/uploads\/2026\/02\/AZtQtiO9jS4sHDtJ6wngKw-AZtQtiO9a2bAuwnxygd1uw.png","contentUrl":"https:\/\/5gdigital.com.br\/wp-content\/uploads\/2026\/02\/AZtQtiO9jS4sHDtJ6wngKw-AZtQtiO9a2bAuwnxygd1uw.png","width":1528,"height":1108,"caption":"5G - DIGITAL"},"image":{"@id":"https:\/\/5gdigital.com.br\/#\/schema\/logo\/image\/"}}]}},"_hostinger_reach_plugin_has_subscription_block":false,"_hostinger_reach_plugin_is_elementor":false,"_links":{"self":[{"href":"https:\/\/5gdigital.com.br\/en\/wp-json\/wp\/v2\/pages\/352","targetHints":{"allow":["GET"]}}],"collection":[{"href":"https:\/\/5gdigital.com.br\/en\/wp-json\/wp\/v2\/pages"}],"about":[{"href":"https:\/\/5gdigital.com.br\/en\/wp-json\/wp\/v2\/types\/page"}],"author":[{"embeddable":true,"href":"https:\/\/5gdigital.com.br\/en\/wp-json\/wp\/v2\/users\/1"}],"replies":[{"embeddable":true,"href":"https:\/\/5gdigital.com.br\/en\/wp-json\/wp\/v2\/comments?post=352"}],"version-history":[{"count":4,"href":"https:\/\/5gdigital.com.br\/en\/wp-json\/wp\/v2\/pages\/352\/revisions"}],"predecessor-version":[{"id":2662,"href":"https:\/\/5gdigital.com.br\/en\/wp-json\/wp\/v2\/pages\/352\/revisions\/2662"}],"wp:attachment":[{"href":"https:\/\/5gdigital.com.br\/en\/wp-json\/wp\/v2\/media?parent=352"}],"curies":[{"name":"wp","href":"https:\/\/api.w.org\/{rel}","templated":true}]}}