{"id":354,"date":"2025-10-08T08:38:10","date_gmt":"2025-10-08T08:38:10","guid":{"rendered":"https:\/\/demo.bravisthemes.com\/cyberguard\/?page_id=354"},"modified":"2025-10-08T08:38:10","modified_gmt":"2025-10-08T08:38:10","slug":"projects-2","status":"publish","type":"page","link":"https:\/\/5gdigital.com.br\/en\/projects-2\/","title":{"rendered":"Projects 2"},"content":{"rendered":"<div data-elementor-type=\"wp-page\" data-elementor-id=\"354\" class=\"elementor elementor-354\">\n\t\t\t\t<div class=\"elementor-element elementor-element-111e20b e-con-full section-dark e-flex pxl-column-none pxl-row-scroll-none pxl-zoom-point-false pxl-section-overflow-visible pxl-section-fix-none pxl-full-content-with-space-none pxl-bg-color-none pxl-section-overlay-none e-con e-parent\" data-id=\"111e20b\" data-element_type=\"container\"><div class=\"elementor-element elementor-element-60b3fb4 e-con-full e-flex pxl-column-none pxl-row-scroll-none pxl-zoom-point-false pxl-section-overflow-visible pxl-section-fix-none pxl-full-content-with-space-none pxl-bg-color-none pxl-section-overlay-none e-con e-child\" data-id=\"60b3fb4\" data-element_type=\"container\">\t\t<div class=\"elementor-element elementor-element-dc90f59 post-layout-portfolio-1 elementor-widget elementor-widget-pxl_post_carousel\" data-id=\"dc90f59\" data-element_type=\"widget\" data-widget_type=\"pxl_post_carousel.default\">\n\t\t\t\t<div class=\"elementor-widget-container\">\n\t\t\t\t\t\n    <div class=\"pxl-swiper-sliders pxl-portfolio-carousel pxl-portfolio-carousel1 pxl-arrows-active\" data-cursor-drap=\"DRAG\">\n        <div class=\"pxl-carousel-inner\">\n            <div class=\"pxl-swiper-container\" dir=\"ltr\" data-settings=\"{&quot;slide_direction&quot;:&quot;horizontal&quot;,&quot;slide_percolumn&quot;:&quot;1&quot;,&quot;slide_percolumnfill&quot;:&quot;1&quot;,&quot;slide_mode&quot;:&quot;slide&quot;,&quot;slides_to_show&quot;:&quot;3&quot;,&quot;slides_to_show_xxl&quot;:&quot;3&quot;,&quot;slides_to_show_lg&quot;:&quot;3&quot;,&quot;slides_to_show_md&quot;:&quot;2&quot;,&quot;slides_to_show_sm&quot;:&quot;2&quot;,&quot;slides_to_show_xs&quot;:&quot;1&quot;,&quot;slides_to_scroll&quot;:&quot;1&quot;,&quot;slides_gutter&quot;:30,&quot;arrow&quot;:&quot;true&quot;,&quot;pagination&quot;:&quot;false&quot;,&quot;pagination_type&quot;:&quot;bullets&quot;,&quot;autoplay&quot;:&quot;false&quot;,&quot;pause_on_hover&quot;:&quot;&quot;,&quot;pause_on_interaction&quot;:&quot;true&quot;,&quot;delay&quot;:5000,&quot;loop&quot;:&quot;true&quot;,&quot;speed&quot;:500}\">\n                <div class=\"pxl-swiper-wrapper\">\n                                                <div class=\"pxl-swiper-slide\">\n                                <div class=\"pxl-post--inner\">\n                                    <span class=\"pxl-post--overlay\"><\/span>\n                                    <div class=\"pxl-post--featured hover-imge-effect3\">\n                                        <img fetchpriority=\"high\" decoding=\"async\" class=\"\" src=\"https:\/\/5gdigital.com.br\/wp-content\/uploads\/2025\/10\/projects-img6-1000x1000.jpg\" width=\"1000\" height=\"1000\" alt=\"projects-img6\" title=\"projects-img6\" \/>                                    <\/div>\n                                    <h6 class=\"pxl-post--title\">\n                                        Macro Holding                                    <\/h6>\n                                    <div class=\"pxl-post--holder\">\n                                                                                    <div class=\"pxl-item--content\">\n                                                Implementa\u00e7\u00e3o completa de infraestrutura TI da Macro Holding at\u00e9 opera\u00e7\u00e3o plena.                                            <\/div>\n                                        \n                                                                                    <div class=\"pxl-post--btn\">\n                                                <a class=\"pxl-item-btn\" href=\"https:\/\/5gdigital.com.br\/en\/portfolio\/customer-data-protection\/\">\n                                                    <span class=\"pxl-btn-title\">View Details<\/span>\n                                                <\/a>\n                                            <\/div>\n                                                                            <\/div>\n                                <\/div>\n                            <\/div>\n                                                                        <div class=\"pxl-swiper-slide\">\n                                <div class=\"pxl-post--inner\">\n                                    <span class=\"pxl-post--overlay\"><\/span>\n                                    <div class=\"pxl-post--featured hover-imge-effect3\">\n                                        <img decoding=\"async\" class=\"\" src=\"https:\/\/5gdigital.com.br\/wp-content\/uploads\/2025\/10\/projects-img5-1000x1000.jpg\" width=\"1000\" height=\"1000\" alt=\"projects-img5\" title=\"projects-img5\" \/>                                    <\/div>\n                                    <h6 class=\"pxl-post--title\">\n                                        Migra\u00e7\u00e3o de Data Center                                    <\/h6>\n                                    <div class=\"pxl-post--holder\">\n                                                                                    <div class=\"pxl-item--content\">\n                                                Migra\u00e7\u00e3o estrat\u00e9gica de data center da nuvem para servidores dedicados pr\u00f3prios.                                            <\/div>\n                                        \n                                                                                    <div class=\"pxl-post--btn\">\n                                                <a class=\"pxl-item-btn\" href=\"https:\/\/5gdigital.com.br\/en\/portfolio\/remote-workforce-protection\/\">\n                                                    <span class=\"pxl-btn-title\">View Details<\/span>\n                                                <\/a>\n                                            <\/div>\n                                                                            <\/div>\n                                <\/div>\n                            <\/div>\n                                                                        <div class=\"pxl-swiper-slide\">\n                                <div class=\"pxl-post--inner\">\n                                    <span class=\"pxl-post--overlay\"><\/span>\n                                    <div class=\"pxl-post--featured hover-imge-effect3\">\n                                        <img decoding=\"async\" class=\"\" src=\"https:\/\/5gdigital.com.br\/wp-content\/uploads\/2025\/10\/projects-img4-1000x1000.jpg\" width=\"1000\" height=\"1000\" alt=\"projects-img4\" title=\"projects-img4\" \/>                                    <\/div>\n                                    <h6 class=\"pxl-post--title\">\n                                        Pentesting para Compliance                                    <\/h6>\n                                    <div class=\"pxl-post--holder\">\n                                                                                    <div class=\"pxl-item--content\">\n                                                Detect and neutralize threats before they breach with our AI-powered real-time monitoring systems.                                            <\/div>\n                                        \n                                                                                    <div class=\"pxl-post--btn\">\n                                                <a class=\"pxl-item-btn\" href=\"https:\/\/5gdigital.com.br\/en\/portfolio\/real-time-threat-detection\/\">\n                                                    <span class=\"pxl-btn-title\">View Details<\/span>\n                                                <\/a>\n                                            <\/div>\n                                                                            <\/div>\n                                <\/div>\n                            <\/div>\n                                                                        <div class=\"pxl-swiper-slide\">\n                                <div class=\"pxl-post--inner\">\n                                    <span class=\"pxl-post--overlay\"><\/span>\n                                    <div class=\"pxl-post--featured hover-imge-effect3\">\n                                        <img loading=\"lazy\" decoding=\"async\" class=\"\" src=\"https:\/\/5gdigital.com.br\/wp-content\/uploads\/2025\/10\/projects-img3-1000x1000.jpg\" width=\"1000\" height=\"1000\" alt=\"projects-img3\" title=\"projects-img3\" \/>                                    <\/div>\n                                    <h6 class=\"pxl-post--title\">\n                                        Automa\u00e7\u00e3o residencial                                    <\/h6>\n                                    <div class=\"pxl-post--holder\">\n                                                                                    <div class=\"pxl-item--content\">\n                                                Projetos de automa\u00e7\u00e3o residencial em casas de alto padr\u00e3o.                                            <\/div>\n                                        \n                                                                                    <div class=\"pxl-post--btn\">\n                                                <a class=\"pxl-item-btn\" href=\"https:\/\/5gdigital.com.br\/en\/portfolio\/law-firm-cyber-resilience\/\">\n                                                    <span class=\"pxl-btn-title\">View Details<\/span>\n                                                <\/a>\n                                            <\/div>\n                                                                            <\/div>\n                                <\/div>\n                            <\/div>\n                                                                        <div class=\"pxl-swiper-slide\">\n                                <div class=\"pxl-post--inner\">\n                                    <span class=\"pxl-post--overlay\"><\/span>\n                                    <div class=\"pxl-post--featured hover-imge-effect3\">\n                                        <img loading=\"lazy\" decoding=\"async\" class=\"\" src=\"https:\/\/5gdigital.com.br\/wp-content\/uploads\/2025\/10\/projects-img2-1000x1000.jpg\" width=\"1000\" height=\"1000\" alt=\"projects-img2\" title=\"projects-img2\" \/>                                    <\/div>\n                                    <h6 class=\"pxl-post--title\">\n                                        Aplicativo 5g                                    <\/h6>\n                                    <div class=\"pxl-post--holder\">\n                                                                                    <div class=\"pxl-item--content\">\n                                                Cria\u00e7\u00e3o, desenvolvimento e opera\u00e7\u00e3o do aplicativo 5G Control.                                            <\/div>\n                                        \n                                                                                    <div class=\"pxl-post--btn\">\n                                                <a class=\"pxl-item-btn\" href=\"https:\/\/5gdigital.com.br\/en\/portfolio\/cloud-misconfiguration-fix\/\">\n                                                    <span class=\"pxl-btn-title\">View Details<\/span>\n                                                <\/a>\n                                            <\/div>\n                                                                            <\/div>\n                                <\/div>\n                            <\/div>\n                                                                        <div class=\"pxl-swiper-slide\">\n                                <div class=\"pxl-post--inner\">\n                                    <span class=\"pxl-post--overlay\"><\/span>\n                                    <div class=\"pxl-post--featured hover-imge-effect3\">\n                                        <img loading=\"lazy\" decoding=\"async\" class=\"\" src=\"https:\/\/5gdigital.com.br\/wp-content\/uploads\/2025\/10\/projects-img1-1000x1000.jpg\" width=\"1000\" height=\"1000\" alt=\"projects-img1\" title=\"projects-img1\" \/>                                    <\/div>\n                                    <h6 class=\"pxl-post--title\">\n                                        Consultorias                                    <\/h6>\n                                    <div class=\"pxl-post--holder\">\n                                                                                    <div class=\"pxl-item--content\">\n                                                Consultoria em seguran\u00e7a eletr\u00f4nica, patrimonial e corporativa integrada.                                            <\/div>\n                                        \n                                                                                    <div class=\"pxl-post--btn\">\n                                                <a class=\"pxl-item-btn\" href=\"https:\/\/5gdigital.com.br\/en\/portfolio\/e-commerce-platform-security\/\">\n                                                    <span class=\"pxl-btn-title\">View Details<\/span>\n                                                <\/a>\n                                            <\/div>\n                                                                            <\/div>\n                                <\/div>\n                            <\/div>\n                                                            <\/div> \n            <\/div>\n                            <div class=\"pxl-swiper-arrow-wrap\">\n                    <div class=\"pxl-swiper-arrow pxl-swiper-arrow-prev\">\n                        <svg width=\"7\" height=\"13\" viewbox=\"0 0 7 13\" fill=\"none\" xmlns=\"http:\/\/www.w3.org\/2000\/svg\">\n                        <path d=\"M6 1L1 6.5L6 12\" stroke=\"#000\" stroke-width=\"1.5\" stroke-linejoin=\"round\"\/>\n                        <\/svg>\n                    <\/div>\n                    <div class=\"pxl-swiper-arrow pxl-swiper-arrow-next\">\n                        <svg width=\"7\" height=\"13\" viewbox=\"0 0 7 13\" fill=\"none\" xmlns=\"http:\/\/www.w3.org\/2000\/svg\">\n                        <path d=\"M1 1L6 6.5L1 12\" stroke=\"#000\" stroke-width=\"1.5\" stroke-linejoin=\"round\"\/>\n                        <\/svg>\n                    <\/div>\n                <\/div>\n                                <\/div>\n    <\/div>\n\t\t\t\t<\/div>\n\t\t\t\t<\/div>\n\t\t\t\t<\/div>\r\n\t\t\t\t<\/div>\r\n\t\t\t\t<\/div>","protected":false},"excerpt":{"rendered":"<p>Customer Data Protection Protect customer trust with robust database encryption, access control, and privacy law compliance. View Details Remote Workforce Protection Ensure safe remote access with encrypted VPN, multi-factor authentication, and secure endpoint controls. View Details Real-Time Threat Detection Detect and neutralize threats before they breach with our AI-powered real-time monitoring systems. View Details Law [&hellip;]<\/p>","protected":false},"author":1,"featured_media":0,"parent":0,"menu_order":0,"comment_status":"closed","ping_status":"closed","template":"","meta":{"footnotes":""},"class_list":["post-354","page","type-page","status-publish","hentry"],"yoast_head":"<!-- This site is optimized with the Yoast SEO plugin v26.9 - https:\/\/yoast.com\/product\/yoast-seo-wordpress\/ -->\n<title>Projects 2 - 5G - DIGITAL<\/title>\n<meta name=\"robots\" content=\"index, follow, max-snippet:-1, max-image-preview:large, max-video-preview:-1\" \/>\n<link rel=\"canonical\" href=\"https:\/\/5gdigital.com.br\/en\/projects-2\/\" \/>\n<meta property=\"og:locale\" content=\"en_US\" \/>\n<meta property=\"og:type\" content=\"article\" \/>\n<meta property=\"og:title\" content=\"Projects 2 - 5G - DIGITAL\" \/>\n<meta property=\"og:description\" content=\"Customer Data Protection Protect customer trust with robust database encryption, access control, and privacy law compliance. View Details Remote Workforce Protection Ensure safe remote access with encrypted VPN, multi-factor authentication, and secure endpoint controls. View Details Real-Time Threat Detection Detect and neutralize threats before they breach with our AI-powered real-time monitoring systems. View Details Law [&hellip;]\" \/>\n<meta property=\"og:url\" content=\"https:\/\/5gdigital.com.br\/en\/projects-2\/\" \/>\n<meta property=\"og:site_name\" content=\"5G - DIGITAL\" \/>\n<meta property=\"og:image\" content=\"https:\/\/5gdigital.com.br\/wp-content\/uploads\/2025\/10\/projects-img6-1000x1000.jpg\" \/>\n<meta name=\"twitter:card\" content=\"summary_large_image\" \/>\n<meta name=\"twitter:label1\" content=\"Est. reading time\" \/>\n\t<meta name=\"twitter:data1\" content=\"1 minute\" \/>\n<script type=\"application\/ld+json\" class=\"yoast-schema-graph\">{\"@context\":\"https:\/\/schema.org\",\"@graph\":[{\"@type\":\"WebPage\",\"@id\":\"https:\/\/5gdigital.com.br\/projects-2\/\",\"url\":\"https:\/\/5gdigital.com.br\/projects-2\/\",\"name\":\"Projects 2 - 5G - DIGITAL\",\"isPartOf\":{\"@id\":\"https:\/\/lightblue-ibis-842147.hostingersite.com\/en\/#website\"},\"primaryImageOfPage\":{\"@id\":\"https:\/\/5gdigital.com.br\/projects-2\/#primaryimage\"},\"image\":{\"@id\":\"https:\/\/5gdigital.com.br\/projects-2\/#primaryimage\"},\"thumbnailUrl\":\"https:\/\/5gdigital.com.br\/wp-content\/uploads\/2025\/10\/projects-img6-1000x1000.jpg\",\"datePublished\":\"2025-10-08T08:38:10+00:00\",\"breadcrumb\":{\"@id\":\"https:\/\/5gdigital.com.br\/projects-2\/#breadcrumb\"},\"inLanguage\":\"en-US\",\"potentialAction\":[{\"@type\":\"ReadAction\",\"target\":[\"https:\/\/5gdigital.com.br\/projects-2\/\"]}]},{\"@type\":\"ImageObject\",\"inLanguage\":\"en-US\",\"@id\":\"https:\/\/5gdigital.com.br\/projects-2\/#primaryimage\",\"url\":\"https:\/\/5gdigital.com.br\/wp-content\/uploads\/2025\/10\/projects-img6-1000x1000.jpg\",\"contentUrl\":\"https:\/\/5gdigital.com.br\/wp-content\/uploads\/2025\/10\/projects-img6-1000x1000.jpg\"},{\"@type\":\"BreadcrumbList\",\"@id\":\"https:\/\/5gdigital.com.br\/projects-2\/#breadcrumb\",\"itemListElement\":[{\"@type\":\"ListItem\",\"position\":1,\"name\":\"Home\",\"item\":\"https:\/\/lightblue-ibis-842147.hostingersite.com\/en\/\"},{\"@type\":\"ListItem\",\"position\":2,\"name\":\"Projects 2\"}]},{\"@type\":\"WebSite\",\"@id\":\"https:\/\/lightblue-ibis-842147.hostingersite.com\/en\/#website\",\"url\":\"https:\/\/lightblue-ibis-842147.hostingersite.com\/en\/\",\"name\":\"SEGURAN\u00c7A 360\",\"description\":\"SEGURAN\u00c7A 360\u00b0\",\"publisher\":{\"@id\":\"https:\/\/lightblue-ibis-842147.hostingersite.com\/en\/#organization\"},\"potentialAction\":[{\"@type\":\"SearchAction\",\"target\":{\"@type\":\"EntryPoint\",\"urlTemplate\":\"https:\/\/lightblue-ibis-842147.hostingersite.com\/en\/?s={search_term_string}\"},\"query-input\":{\"@type\":\"PropertyValueSpecification\",\"valueRequired\":true,\"valueName\":\"search_term_string\"}}],\"inLanguage\":\"en-US\"},{\"@type\":\"Organization\",\"@id\":\"https:\/\/lightblue-ibis-842147.hostingersite.com\/en\/#organization\",\"name\":\"5G - DIGITAL\",\"url\":\"https:\/\/lightblue-ibis-842147.hostingersite.com\/en\/\",\"logo\":{\"@type\":\"ImageObject\",\"inLanguage\":\"en-US\",\"@id\":\"https:\/\/lightblue-ibis-842147.hostingersite.com\/en\/#\/schema\/logo\/image\/\",\"url\":\"https:\/\/5gdigital.com.br\/wp-content\/uploads\/2026\/02\/AZtQtiO9jS4sHDtJ6wngKw-AZtQtiO9a2bAuwnxygd1uw.png\",\"contentUrl\":\"https:\/\/5gdigital.com.br\/wp-content\/uploads\/2026\/02\/AZtQtiO9jS4sHDtJ6wngKw-AZtQtiO9a2bAuwnxygd1uw.png\",\"width\":1528,\"height\":1108,\"caption\":\"5G - DIGITAL\"},\"image\":{\"@id\":\"https:\/\/lightblue-ibis-842147.hostingersite.com\/en\/#\/schema\/logo\/image\/\"}}]}<\/script>\n<!-- \/ Yoast SEO plugin. -->","yoast_head_json":{"title":"Projects 2 - 5G - DIGITAL","robots":{"index":"index","follow":"follow","max-snippet":"max-snippet:-1","max-image-preview":"max-image-preview:large","max-video-preview":"max-video-preview:-1"},"canonical":"https:\/\/5gdigital.com.br\/en\/projects-2\/","og_locale":"en_US","og_type":"article","og_title":"Projects 2 - 5G - DIGITAL","og_description":"Customer Data Protection Protect customer trust with robust database encryption, access control, and privacy law compliance. View Details Remote Workforce Protection Ensure safe remote access with encrypted VPN, multi-factor authentication, and secure endpoint controls. View Details Real-Time Threat Detection Detect and neutralize threats before they breach with our AI-powered real-time monitoring systems. View Details Law [&hellip;]","og_url":"https:\/\/5gdigital.com.br\/en\/projects-2\/","og_site_name":"5G - DIGITAL","og_image":[{"url":"https:\/\/5gdigital.com.br\/wp-content\/uploads\/2025\/10\/projects-img6-1000x1000.jpg","type":"","width":"","height":""}],"twitter_card":"summary_large_image","twitter_misc":{"Est. reading time":"1 minute"},"schema":{"@context":"https:\/\/schema.org","@graph":[{"@type":"WebPage","@id":"https:\/\/5gdigital.com.br\/projects-2\/","url":"https:\/\/5gdigital.com.br\/projects-2\/","name":"Projects 2 - 5G - DIGITAL","isPartOf":{"@id":"https:\/\/lightblue-ibis-842147.hostingersite.com\/en\/#website"},"primaryImageOfPage":{"@id":"https:\/\/5gdigital.com.br\/projects-2\/#primaryimage"},"image":{"@id":"https:\/\/5gdigital.com.br\/projects-2\/#primaryimage"},"thumbnailUrl":"https:\/\/5gdigital.com.br\/wp-content\/uploads\/2025\/10\/projects-img6-1000x1000.jpg","datePublished":"2025-10-08T08:38:10+00:00","breadcrumb":{"@id":"https:\/\/5gdigital.com.br\/projects-2\/#breadcrumb"},"inLanguage":"en-US","potentialAction":[{"@type":"ReadAction","target":["https:\/\/5gdigital.com.br\/projects-2\/"]}]},{"@type":"ImageObject","inLanguage":"en-US","@id":"https:\/\/5gdigital.com.br\/projects-2\/#primaryimage","url":"https:\/\/5gdigital.com.br\/wp-content\/uploads\/2025\/10\/projects-img6-1000x1000.jpg","contentUrl":"https:\/\/5gdigital.com.br\/wp-content\/uploads\/2025\/10\/projects-img6-1000x1000.jpg"},{"@type":"BreadcrumbList","@id":"https:\/\/5gdigital.com.br\/projects-2\/#breadcrumb","itemListElement":[{"@type":"ListItem","position":1,"name":"Home","item":"https:\/\/lightblue-ibis-842147.hostingersite.com\/en\/"},{"@type":"ListItem","position":2,"name":"Projects 2"}]},{"@type":"WebSite","@id":"https:\/\/lightblue-ibis-842147.hostingersite.com\/en\/#website","url":"https:\/\/lightblue-ibis-842147.hostingersite.com\/en\/","name":"SEGURAN\u00c7A 360","description":"SEGURAN\u00c7A 360\u00b0","publisher":{"@id":"https:\/\/lightblue-ibis-842147.hostingersite.com\/en\/#organization"},"potentialAction":[{"@type":"SearchAction","target":{"@type":"EntryPoint","urlTemplate":"https:\/\/lightblue-ibis-842147.hostingersite.com\/en\/?s={search_term_string}"},"query-input":{"@type":"PropertyValueSpecification","valueRequired":true,"valueName":"search_term_string"}}],"inLanguage":"en-US"},{"@type":"Organization","@id":"https:\/\/lightblue-ibis-842147.hostingersite.com\/en\/#organization","name":"5G - DIGITAL","url":"https:\/\/lightblue-ibis-842147.hostingersite.com\/en\/","logo":{"@type":"ImageObject","inLanguage":"en-US","@id":"https:\/\/lightblue-ibis-842147.hostingersite.com\/en\/#\/schema\/logo\/image\/","url":"https:\/\/5gdigital.com.br\/wp-content\/uploads\/2026\/02\/AZtQtiO9jS4sHDtJ6wngKw-AZtQtiO9a2bAuwnxygd1uw.png","contentUrl":"https:\/\/5gdigital.com.br\/wp-content\/uploads\/2026\/02\/AZtQtiO9jS4sHDtJ6wngKw-AZtQtiO9a2bAuwnxygd1uw.png","width":1528,"height":1108,"caption":"5G - DIGITAL"},"image":{"@id":"https:\/\/lightblue-ibis-842147.hostingersite.com\/en\/#\/schema\/logo\/image\/"}}]}},"_hostinger_reach_plugin_has_subscription_block":false,"_hostinger_reach_plugin_is_elementor":false,"_links":{"self":[{"href":"https:\/\/5gdigital.com.br\/en\/wp-json\/wp\/v2\/pages\/354","targetHints":{"allow":["GET"]}}],"collection":[{"href":"https:\/\/5gdigital.com.br\/en\/wp-json\/wp\/v2\/pages"}],"about":[{"href":"https:\/\/5gdigital.com.br\/en\/wp-json\/wp\/v2\/types\/page"}],"author":[{"embeddable":true,"href":"https:\/\/5gdigital.com.br\/en\/wp-json\/wp\/v2\/users\/1"}],"replies":[{"embeddable":true,"href":"https:\/\/5gdigital.com.br\/en\/wp-json\/wp\/v2\/comments?post=354"}],"version-history":[{"count":0,"href":"https:\/\/5gdigital.com.br\/en\/wp-json\/wp\/v2\/pages\/354\/revisions"}],"wp:attachment":[{"href":"https:\/\/5gdigital.com.br\/en\/wp-json\/wp\/v2\/media?parent=354"}],"curies":[{"name":"wp","href":"https:\/\/api.w.org\/{rel}","templated":true}]}}