{"id":737,"date":"2025-10-13T07:47:55","date_gmt":"2025-10-13T07:47:55","guid":{"rendered":"https:\/\/demo.bravisthemes.com\/cyberguard\/?page_id=737"},"modified":"2026-01-07T15:22:42","modified_gmt":"2026-01-07T15:22:42","slug":"services-3","status":"publish","type":"page","link":"https:\/\/5gdigital.com.br\/en\/services-3\/","title":{"rendered":"Smart Cities"},"content":{"rendered":"<div data-elementor-type=\"wp-page\" data-elementor-id=\"737\" class=\"elementor elementor-737\">\n\t\t\t\t<div class=\"elementor-element elementor-element-bf280f2 e-flex e-con-boxed pxl-column-none pxl-row-scroll-none pxl-zoom-point-false pxl-section-overflow-visible pxl-section-fix-none pxl-full-content-with-space-none pxl-bg-color-none pxl-section-overlay-none e-con e-parent\" data-id=\"bf280f2\" data-element_type=\"container\" data-settings=\"{&quot;background_background&quot;:&quot;classic&quot;}\">\t\t\t<div class=\"e-con-inner\">\r\n\t\t<div class=\"elementor-element elementor-element-bd58481 e-con-full e-flex pxl-column-none pxl-row-scroll-none pxl-zoom-point-false pxl-section-overflow-visible pxl-section-fix-none pxl-full-content-with-space-none pxl-bg-color-none pxl-section-overlay-none e-con e-child\" data-id=\"bd58481\" data-element_type=\"container\"><div class=\"elementor-element elementor-element-1fd0655 e-con-full e-flex pxl-column-none pxl-row-scroll-none pxl-zoom-point-false pxl-section-overflow-visible pxl-section-fix-none pxl-full-content-with-space-none pxl-bg-color-none pxl-section-overlay-none e-con e-child\" data-id=\"1fd0655\" data-element_type=\"container\">\t\t<div class=\"elementor-element elementor-element-73592f7 elementor-widget elementor-widget-pxl_banner_box\" data-id=\"73592f7\" data-element_type=\"widget\" data-widget_type=\"pxl_banner_box.default\">\n\t\t\t\t<div class=\"elementor-widget-container\">\n\t\t\t\t\t\r\n<div id=\"pxl_banner_box-73592f7-8219\" class=\"pxl-banner-box pxl-banner-box2\" data-wow-delay=\"ms\">\r\n    <div class=\"pxl-banner-inner\">\r\n        <a class=\"pxl-inner-link\" href=\"https:\/\/lightblue-ibis-842147.hostingersite.com\/service\/network-security\/\"><\/a>\r\n                    <div class=\"pxl-item--img\">\r\n                <img fetchpriority=\"high\" decoding=\"async\" class=\"\" src=\"https:\/\/5gdigital.com.br\/wp-content\/uploads\/2026\/01\/c54cbd7c-ba29-4dee-aabe-fcb249aef562-1000x1000.jpg\" width=\"1000\" height=\"1000\" alt=\"c54cbd7c-ba29-4dee-aabe-fcb249aef562\" title=\"c54cbd7c-ba29-4dee-aabe-fcb249aef562\" \/>            <\/div>\r\n                            <h3 class=\"pxl-item-title\">\r\n                Vigil\u00e2ncia Urbana            <\/h3>\r\n                            <div class=\"pxl-item-desc\">\r\n                Sistemas de monitoramento em tempo real para cidades, integrando seguran\u00e7a f\u00edsica e l\u00f3gica.            <\/div>\r\n            <\/div>\r\n<\/div>\t\t\t\t<\/div>\n\t\t\t\t<\/div>\n\t\t\t\t<\/div>\r\n\t\t<div class=\"elementor-element elementor-element-9408728 e-con-full e-flex pxl-column-none pxl-row-scroll-none pxl-zoom-point-false pxl-section-overflow-visible pxl-section-fix-none pxl-full-content-with-space-none pxl-bg-color-none pxl-section-overlay-none e-con e-child\" data-id=\"9408728\" data-element_type=\"container\">\t\t<div class=\"elementor-element elementor-element-449f28b elementor-widget elementor-widget-pxl_banner_box\" data-id=\"449f28b\" data-element_type=\"widget\" data-widget_type=\"pxl_banner_box.default\">\n\t\t\t\t<div class=\"elementor-widget-container\">\n\t\t\t\t\t\r\n<div id=\"pxl_banner_box-449f28b-1796\" class=\"pxl-banner-box pxl-banner-box2\" data-wow-delay=\"ms\">\r\n    <div class=\"pxl-banner-inner\">\r\n        <a class=\"pxl-inner-link\" href=\"https:\/\/lightblue-ibis-842147.hostingersite.com\/service\/data-encryption\/\"><\/a>\r\n                    <div class=\"pxl-item--img\">\r\n                <img decoding=\"async\" class=\"\" src=\"https:\/\/5gdigital.com.br\/wp-content\/uploads\/2026\/01\/456f2a6b-0602-447a-9fb0-b0d0fc60cee7-1000x1000.jpg\" width=\"1000\" height=\"1000\" alt=\"456f2a6b-0602-447a-9fb0-b0d0fc60cee7\" title=\"456f2a6b-0602-447a-9fb0-b0d0fc60cee7\" \/>            <\/div>\r\n                            <h3 class=\"pxl-item-title\">\r\n                Controle de Acesso Urbano            <\/h3>\r\n                            <div class=\"pxl-item-desc\">\r\n                Solu\u00e7\u00f5es com biometria para entradas seguras em \u00e1reas p\u00fablicas e edif\u00edcios inteligentes.            <\/div>\r\n            <\/div>\r\n<\/div>\t\t\t\t<\/div>\n\t\t\t\t<\/div>\n\t\t\t\t<\/div>\r\n\t\t<div class=\"elementor-element elementor-element-210dc7a e-con-full e-flex pxl-column-none pxl-row-scroll-none pxl-zoom-point-false pxl-section-overflow-visible pxl-section-fix-none pxl-full-content-with-space-none pxl-bg-color-none pxl-section-overlay-none e-con e-child\" data-id=\"210dc7a\" data-element_type=\"container\">\t\t<div class=\"elementor-element elementor-element-a20cf18 elementor-widget elementor-widget-pxl_banner_box\" data-id=\"a20cf18\" data-element_type=\"widget\" data-widget_type=\"pxl_banner_box.default\">\n\t\t\t\t<div class=\"elementor-widget-container\">\n\t\t\t\t\t\r\n<div id=\"pxl_banner_box-a20cf18-2940\" class=\"pxl-banner-box pxl-banner-box2\" data-wow-delay=\"ms\">\r\n    <div class=\"pxl-banner-inner\">\r\n        <a class=\"pxl-inner-link\" href=\"https:\/\/lightblue-ibis-842147.hostingersite.com\/service\/identity-access\/\"><\/a>\r\n                    <div class=\"pxl-item--img\">\r\n                <img decoding=\"async\" class=\"\" src=\"https:\/\/5gdigital.com.br\/wp-content\/uploads\/2026\/01\/85e75c4e-8ec4-4a1f-ba33-c2b9642a7065-1000x1000.jpg\" width=\"1000\" height=\"1000\" alt=\"85e75c4e-8ec4-4a1f-ba33-c2b9642a7065\" title=\"85e75c4e-8ec4-4a1f-ba33-c2b9642a7065\" \/>            <\/div>\r\n                            <h3 class=\"pxl-item-title\">\r\n                Alarmes para Cidades            <\/h3>\r\n                            <div class=\"pxl-item-desc\">\r\n                Alarmes conectados que detectam amea\u00e7as e alertam servi\u00e7os de emerg\u00eancia urbanos.            <\/div>\r\n            <\/div>\r\n<\/div>\t\t\t\t<\/div>\n\t\t\t\t<\/div>\n\t\t\t\t<\/div>\r\n\t\t\t\t<\/div>\r\n\t\t<div class=\"elementor-element elementor-element-6aab49f e-con-full e-flex pxl-column-none pxl-row-scroll-none pxl-zoom-point-false pxl-section-overflow-visible pxl-section-fix-none pxl-full-content-with-space-none pxl-bg-color-none pxl-section-overlay-none e-con e-child\" data-id=\"6aab49f\" data-element_type=\"container\"><div class=\"elementor-element elementor-element-cb4424b e-con-full e-flex pxl-column-none pxl-row-scroll-none pxl-zoom-point-false pxl-section-overflow-visible pxl-section-fix-none pxl-full-content-with-space-none pxl-bg-color-none pxl-section-overlay-none e-con e-child\" data-id=\"cb4424b\" data-element_type=\"container\">\t\t<div class=\"elementor-element elementor-element-ee70e9c elementor-widget elementor-widget-pxl_banner_box\" data-id=\"ee70e9c\" data-element_type=\"widget\" data-widget_type=\"pxl_banner_box.default\">\n\t\t\t\t<div class=\"elementor-widget-container\">\n\t\t\t\t\t\r\n<div id=\"pxl_banner_box-ee70e9c-5316\" class=\"pxl-banner-box pxl-banner-box2\" data-wow-delay=\"ms\">\r\n    <div class=\"pxl-banner-inner\">\r\n        <a class=\"pxl-inner-link\" href=\"https:\/\/lightblue-ibis-842147.hostingersite.com\/service\/security-monitoring\/\"><\/a>\r\n                    <div class=\"pxl-item--img\">\r\n                <img loading=\"lazy\" decoding=\"async\" class=\"\" src=\"https:\/\/5gdigital.com.br\/wp-content\/uploads\/2026\/01\/b91364a6-b1a3-46a2-8dbc-b850524ef776-1000x1000.jpg\" width=\"1000\" height=\"1000\" alt=\"b91364a6-b1a3-46a2-8dbc-b850524ef776\" title=\"b91364a6-b1a3-46a2-8dbc-b850524ef776\" \/>            <\/div>\r\n                            <h3 class=\"pxl-item-title\">\r\n                Portaria Remota Inteligente            <\/h3>\r\n                            <div class=\"pxl-item-desc\">\r\n                Gerenciamento remoto 24\/7 via app para pr\u00e9dios e condom\u00ednios em ambientes urbanos.            <\/div>\r\n            <\/div>\r\n<\/div>\t\t\t\t<\/div>\n\t\t\t\t<\/div>\n\t\t\t\t<\/div>\r\n\t\t<div class=\"elementor-element elementor-element-f490c4a e-con-full e-flex pxl-column-none pxl-row-scroll-none pxl-zoom-point-false pxl-section-overflow-visible pxl-section-fix-none pxl-full-content-with-space-none pxl-bg-color-none pxl-section-overlay-none e-con e-child\" data-id=\"f490c4a\" data-element_type=\"container\">\t\t<div class=\"elementor-element elementor-element-d150e8b elementor-widget elementor-widget-pxl_banner_box\" data-id=\"d150e8b\" data-element_type=\"widget\" data-widget_type=\"pxl_banner_box.default\">\n\t\t\t\t<div class=\"elementor-widget-container\">\n\t\t\t\t\t\r\n<div id=\"pxl_banner_box-d150e8b-3927\" class=\"pxl-banner-box pxl-banner-box2\" data-wow-delay=\"ms\">\r\n    <div class=\"pxl-banner-inner\">\r\n        <a class=\"pxl-inner-link\" href=\"https:\/\/lightblue-ibis-842147.hostingersite.com\/service\/backup-recovery\/\"><\/a>\r\n                    <div class=\"pxl-item--img\">\r\n                <img loading=\"lazy\" decoding=\"async\" class=\"\" src=\"https:\/\/5gdigital.com.br\/wp-content\/uploads\/2026\/01\/bb6e415a-c2f3-4383-be6b-b086af6aa27c-1000x1000.jpg\" width=\"1000\" height=\"1000\" alt=\"bb6e415a-c2f3-4383-be6b-b086af6aa27c\" title=\"bb6e415a-c2f3-4383-be6b-b086af6aa27c\" \/>            <\/div>\r\n                            <h3 class=\"pxl-item-title\">\r\n                Integra\u00e7\u00e3o de Infraestrutura            <\/h3>\r\n                            <div class=\"pxl-item-desc\">\r\n                Conex\u00e3o de sistemas eletr\u00f4nicos com TI para otimizar opera\u00e7\u00f5es em smart cities.            <\/div>\r\n            <\/div>\r\n<\/div>\t\t\t\t<\/div>\n\t\t\t\t<\/div>\n\t\t\t\t<\/div>\r\n\t\t<div class=\"elementor-element elementor-element-df92e91 e-con-full e-flex pxl-column-none pxl-row-scroll-none pxl-zoom-point-false pxl-section-overflow-visible pxl-section-fix-none pxl-full-content-with-space-none pxl-bg-color-none pxl-section-overlay-none e-con e-child\" data-id=\"df92e91\" data-element_type=\"container\">\t\t<div class=\"elementor-element elementor-element-0875acc elementor-widget elementor-widget-pxl_banner_box\" data-id=\"0875acc\" data-element_type=\"widget\" data-widget_type=\"pxl_banner_box.default\">\n\t\t\t\t<div class=\"elementor-widget-container\">\n\t\t\t\t\t\r\n<div id=\"pxl_banner_box-0875acc-4673\" class=\"pxl-banner-box pxl-banner-box2\" data-wow-delay=\"ms\">\r\n    <div class=\"pxl-banner-inner\">\r\n        <a class=\"pxl-inner-link\" href=\"https:\/\/lightblue-ibis-842147.hostingersite.com\/service\/security-configuration\/\"><\/a>\r\n                    <div class=\"pxl-item--img\">\r\n                <img loading=\"lazy\" decoding=\"async\" class=\"\" src=\"https:\/\/5gdigital.com.br\/wp-content\/uploads\/2026\/01\/de657c40-2849-494b-93d4-9d4c48ed723a-1000x1000.jpg\" width=\"1000\" height=\"1000\" alt=\"de657c40-2849-494b-93d4-9d4c48ed723a\" title=\"de657c40-2849-494b-93d4-9d4c48ed723a\" \/>            <\/div>\r\n                            <h3 class=\"pxl-item-title\">\r\n                Monitoramento Urbano Cont\u00ednuo            <\/h3>\r\n                            <div class=\"pxl-item-desc\">\r\n                Servi\u00e7os de vigil\u00e2ncia ininterrupta com an\u00e1lise de riscos para gest\u00e3o municipal.            <\/div>\r\n            <\/div>\r\n<\/div>\t\t\t\t<\/div>\n\t\t\t\t<\/div>\n\t\t\t\t<\/div>\r\n\t\t\t\t<\/div>\r\n\t\t\t\t\t<\/div>\r\n\t\t\t\t<\/div>\r\n\t\t<div class=\"elementor-element elementor-element-ae9ac51 e-con-full section-dark e-flex pxl-column-none pxl-row-scroll-none pxl-zoom-point-false pxl-section-overflow-visible pxl-section-fix-none pxl-full-content-with-space-none pxl-bg-color-none pxl-section-overlay-none e-con e-parent\" data-id=\"ae9ac51\" data-element_type=\"container\" data-settings=\"{&quot;background_background&quot;:&quot;gradient&quot;}\">\t\t<div class=\"elementor-element elementor-element-ccbe667 elementor-absolute elementor-hidden-mobile elementor-widget elementor-widget-pxl_image\" data-id=\"ccbe667\" data-element_type=\"widget\" data-settings=\"{&quot;_position&quot;:&quot;absolute&quot;}\" data-widget_type=\"pxl_image.default\">\n\t\t\t\t<div class=\"elementor-widget-container\">\n\t\t\t\t\t<div id=\"pxl_image-ccbe667-9530\" class=\"pxl-image-single  style-default wow zoomOut\" data-wow-delay=\"300ms\" >\r\n    <div class=\"pxl-item--inner\" data-wow-delay=\"120ms\">\r\n        \r\n                                <div class=\"pxl-item--image\" data-wow-delay=\"ms\" data-parallax-value=\"\">\r\n                                                    <img loading=\"lazy\" decoding=\"async\" class=\"no-lazyload\" src=\"https:\/\/5gdigital.com.br\/wp-content\/uploads\/2025\/10\/logo-big-white-576x576.png\" width=\"576\" height=\"576\" alt=\"logo-big-white\" title=\"logo-big-white\" \/>                                            <\/div>\r\n                                <\/div>\r\n<\/div>\t\t\t\t<\/div>\n\t\t\t\t<\/div>\n\t\t<div class=\"elementor-element elementor-element-b86b89f e-con-full e-flex pxl-column-none pxl-row-scroll-none pxl-zoom-point-false pxl-section-overflow-visible pxl-section-fix-none pxl-full-content-with-space-none pxl-bg-color-none pxl-section-overlay-none e-con e-child\" data-id=\"b86b89f\" data-element_type=\"container\"><div class=\"elementor-element elementor-element-23b8c1e e-flex e-con-boxed pxl-column-none pxl-row-scroll-none pxl-zoom-point-false pxl-section-overflow-visible pxl-section-fix-none pxl-full-content-with-space-none pxl-bg-color-none pxl-section-overlay-none e-con e-child\" data-id=\"23b8c1e\" data-element_type=\"container\">\t\t\t<div class=\"e-con-inner\">\r\n\t\t\t\t<div class=\"elementor-element elementor-element-665e4eb elementor-widget elementor-widget-pxl_text_editor\" data-id=\"665e4eb\" data-element_type=\"widget\" data-widget_type=\"pxl_text_editor.default\">\n\t\t\t\t<div class=\"elementor-widget-container\">\n\t\t\t\t\t<div id=\"pxl_text_editor-665e4eb-2687\" class=\"pxl-image-wg\" duration=\"1\">\n\t<div class=\"pxl-text-editor\">\n\t\t<div class=\"pxl-item--inner wow fadeInRight\" data-wow-delay=\"300ms\">\n\t\t\t<div class=\"elementor-element elementor-element-ddfc00d e-con-full e-flex pxl-column-none pxl-row-scroll-none pxl-zoom-point-false pxl-section-overflow-visible pxl-section-fix-none pxl-full-content-with-space-none pxl-bg-color-none pxl-section-overlay-none e-con e-child\" data-id=\"ddfc00d\" data-element_type=\"container\" data-settings=\"{&quot;background_background&quot;:&quot;gradient&quot;}\"><div class=\"elementor-element elementor-element-cbdf6d7 e-con-full e-flex pxl-column-none pxl-row-scroll-none pxl-zoom-point-false pxl-section-overflow-visible pxl-section-fix-none pxl-full-content-with-space-none pxl-bg-color-none pxl-section-overlay-none e-con e-child\" data-id=\"cbdf6d7\" data-element_type=\"container\"><div class=\"elementor-element elementor-element-d6dbe47 elementor-widget elementor-widget-pxl_text_editor\" data-id=\"d6dbe47\" data-element_type=\"widget\" data-widget_type=\"pxl_text_editor.default\"><div class=\"elementor-widget-container\"><div id=\"pxl_text_editor-d6dbe47-3155\" class=\"pxl-image-wg\"><div class=\"pxl-text-editor\"><div class=\"pxl-item--inner wow fadeInRight\" data-wow-delay=\"300ms\"><p>Precisando de Prote\u00e7\u00e3o contra ciber ataques?<\/p><\/div><\/div><\/div><\/div><\/div><\/div><\/div><div class=\"elementor-element elementor-element-3c1f043 elementor-widget elementor-widget-pxl_button\" data-id=\"3c1f043\" data-element_type=\"widget\" data-widget_type=\"pxl_button.default\"><div class=\"elementor-widget-container\"><div id=\"pxl-pxl_button-3c1f043-6840\" class=\"pxl-button pxl-atc-link wow fadeInLeft\" data-wow-delay=\"300ms\">\u00a0<\/div><\/div><\/div>\t\t\n\t\t<\/div>\n\t<\/div>\n<\/div>\t\t\t\t<\/div>\n\t\t\t\t<\/div>\n\t\t\t\t<div class=\"elementor-element elementor-element-7c1914a elementor-widget elementor-widget-pxl_button\" data-id=\"7c1914a\" data-element_type=\"widget\" data-widget_type=\"pxl_button.default\">\n\t\t\t\t<div class=\"elementor-widget-container\">\n\t\t\t\t\t<div id=\"pxl-pxl_button-7c1914a-7228\" class=\"pxl-button pxl-atc-link wow fadeInLeft\" data-wow-delay=\"300ms\">\r\n    <a href=\"https:\/\/lightblue-ibis-842147.hostingersite.com\/appointment\/\" class=\"btn pxl-icon-active btn-default wow fadeInLeft pxl-icon--left\" data-wow-delay=\"300ms\" data-onepage-offset=\"\">\r\n        \r\n                \r\n        <span class=\"pxl--btn-text\" data-text=\"Teste Gr\u00e1tis\">\r\n            Teste Gr\u00e1tis        <\/span>\r\n        \r\n                    <span class=\"pxl--text-wrap\">\r\n                <span class=\"pxl--btn-text1\">Teste Gr\u00e1tis<\/span>\r\n                <span class=\"pxl--btn-text2\">Teste Gr\u00e1tis<\/span>\r\n            <\/span>\r\n         \r\n\r\n    <\/a>\r\n<\/div>\t\t\t\t<\/div>\n\t\t\t\t<\/div>\n\t\t\t\t\t<\/div>\r\n\t\t\t\t<\/div>\r\n\t\t\t\t<\/div>\r\n\t\t\t\t<\/div>\r\n\t\t\t\t<\/div>","protected":false},"excerpt":{"rendered":"<p>Vigil\u00e2ncia Urbana Sistemas de monitoramento em tempo real para cidades, integrando seguran\u00e7a f\u00edsica e l\u00f3gica. Controle de Acesso Urbano Solu\u00e7\u00f5es com biometria para entradas seguras em \u00e1reas p\u00fablicas e edif\u00edcios inteligentes. Alarmes para Cidades Alarmes conectados que detectam amea\u00e7as e alertam servi\u00e7os de emerg\u00eancia urbanos. Portaria Remota Inteligente Gerenciamento remoto 24\/7 via app para pr\u00e9dios [&hellip;]<\/p>","protected":false},"author":1,"featured_media":0,"parent":0,"menu_order":0,"comment_status":"closed","ping_status":"closed","template":"","meta":{"footnotes":""},"class_list":["post-737","page","type-page","status-publish","hentry"],"yoast_head":"<!-- This site is optimized with the Yoast SEO plugin v26.9 - https:\/\/yoast.com\/product\/yoast-seo-wordpress\/ -->\n<title>Smart Cities - 5G - DIGITAL<\/title>\n<meta name=\"robots\" content=\"index, follow, max-snippet:-1, max-image-preview:large, max-video-preview:-1\" \/>\n<link rel=\"canonical\" href=\"https:\/\/5gdigital.com.br\/en\/services-3\/\" \/>\n<meta property=\"og:locale\" content=\"en_US\" \/>\n<meta property=\"og:type\" content=\"article\" \/>\n<meta property=\"og:title\" content=\"Smart Cities - 5G - DIGITAL\" \/>\n<meta property=\"og:description\" content=\"Vigil\u00e2ncia Urbana Sistemas de monitoramento em tempo real para cidades, integrando seguran\u00e7a f\u00edsica e l\u00f3gica. Controle de Acesso Urbano Solu\u00e7\u00f5es com biometria para entradas seguras em \u00e1reas p\u00fablicas e edif\u00edcios inteligentes. Alarmes para Cidades Alarmes conectados que detectam amea\u00e7as e alertam servi\u00e7os de emerg\u00eancia urbanos. Portaria Remota Inteligente Gerenciamento remoto 24\/7 via app para pr\u00e9dios [&hellip;]\" \/>\n<meta property=\"og:url\" content=\"https:\/\/5gdigital.com.br\/en\/services-3\/\" \/>\n<meta property=\"og:site_name\" content=\"5G - DIGITAL\" \/>\n<meta property=\"article:modified_time\" content=\"2026-01-07T15:22:42+00:00\" \/>\n<meta property=\"og:image\" content=\"https:\/\/5gdigital.com.br\/wp-content\/uploads\/2026\/01\/c54cbd7c-ba29-4dee-aabe-fcb249aef562-1000x1000.jpg\" \/>\n<meta name=\"twitter:card\" content=\"summary_large_image\" \/>\n<meta name=\"twitter:label1\" content=\"Est. reading time\" \/>\n\t<meta name=\"twitter:data1\" content=\"1 minute\" \/>\n<script type=\"application\/ld+json\" class=\"yoast-schema-graph\">{\"@context\":\"https:\/\/schema.org\",\"@graph\":[{\"@type\":\"WebPage\",\"@id\":\"https:\/\/5gdigital.com.br\/en\/services-3\/\",\"url\":\"https:\/\/5gdigital.com.br\/en\/services-3\/\",\"name\":\"Smart Cities - 5G - DIGITAL\",\"isPartOf\":{\"@id\":\"https:\/\/5gdigital.com.br\/#website\"},\"primaryImageOfPage\":{\"@id\":\"https:\/\/5gdigital.com.br\/en\/services-3\/#primaryimage\"},\"image\":{\"@id\":\"https:\/\/5gdigital.com.br\/en\/services-3\/#primaryimage\"},\"thumbnailUrl\":\"https:\/\/5gdigital.com.br\/wp-content\/uploads\/2026\/01\/c54cbd7c-ba29-4dee-aabe-fcb249aef562-1000x1000.jpg\",\"datePublished\":\"2025-10-13T07:47:55+00:00\",\"dateModified\":\"2026-01-07T15:22:42+00:00\",\"breadcrumb\":{\"@id\":\"https:\/\/5gdigital.com.br\/en\/services-3\/#breadcrumb\"},\"inLanguage\":\"en-US\",\"potentialAction\":[{\"@type\":\"ReadAction\",\"target\":[\"https:\/\/5gdigital.com.br\/en\/services-3\/\"]}]},{\"@type\":\"ImageObject\",\"inLanguage\":\"en-US\",\"@id\":\"https:\/\/5gdigital.com.br\/en\/services-3\/#primaryimage\",\"url\":\"https:\/\/5gdigital.com.br\/wp-content\/uploads\/2026\/01\/c54cbd7c-ba29-4dee-aabe-fcb249aef562-1000x1000.jpg\",\"contentUrl\":\"https:\/\/5gdigital.com.br\/wp-content\/uploads\/2026\/01\/c54cbd7c-ba29-4dee-aabe-fcb249aef562-1000x1000.jpg\"},{\"@type\":\"BreadcrumbList\",\"@id\":\"https:\/\/5gdigital.com.br\/en\/services-3\/#breadcrumb\",\"itemListElement\":[{\"@type\":\"ListItem\",\"position\":1,\"name\":\"Home\",\"item\":\"https:\/\/5gdigital.com.br\/\"},{\"@type\":\"ListItem\",\"position\":2,\"name\":\"Smart Cities\"}]},{\"@type\":\"WebSite\",\"@id\":\"https:\/\/5gdigital.com.br\/#website\",\"url\":\"https:\/\/5gdigital.com.br\/\",\"name\":\"SEGURAN\u00c7A 360\",\"description\":\"SEGURAN\u00c7A 360\u00b0\",\"publisher\":{\"@id\":\"https:\/\/5gdigital.com.br\/#organization\"},\"potentialAction\":[{\"@type\":\"SearchAction\",\"target\":{\"@type\":\"EntryPoint\",\"urlTemplate\":\"https:\/\/5gdigital.com.br\/?s={search_term_string}\"},\"query-input\":{\"@type\":\"PropertyValueSpecification\",\"valueRequired\":true,\"valueName\":\"search_term_string\"}}],\"inLanguage\":\"en-US\"},{\"@type\":\"Organization\",\"@id\":\"https:\/\/5gdigital.com.br\/#organization\",\"name\":\"5G - DIGITAL\",\"url\":\"https:\/\/5gdigital.com.br\/\",\"logo\":{\"@type\":\"ImageObject\",\"inLanguage\":\"en-US\",\"@id\":\"https:\/\/5gdigital.com.br\/#\/schema\/logo\/image\/\",\"url\":\"https:\/\/5gdigital.com.br\/wp-content\/uploads\/2026\/02\/AZtQtiO9jS4sHDtJ6wngKw-AZtQtiO9a2bAuwnxygd1uw.png\",\"contentUrl\":\"https:\/\/5gdigital.com.br\/wp-content\/uploads\/2026\/02\/AZtQtiO9jS4sHDtJ6wngKw-AZtQtiO9a2bAuwnxygd1uw.png\",\"width\":1528,\"height\":1108,\"caption\":\"5G - DIGITAL\"},\"image\":{\"@id\":\"https:\/\/5gdigital.com.br\/#\/schema\/logo\/image\/\"}}]}<\/script>\n<!-- \/ Yoast SEO plugin. -->","yoast_head_json":{"title":"Smart Cities - 5G - DIGITAL","robots":{"index":"index","follow":"follow","max-snippet":"max-snippet:-1","max-image-preview":"max-image-preview:large","max-video-preview":"max-video-preview:-1"},"canonical":"https:\/\/5gdigital.com.br\/en\/services-3\/","og_locale":"en_US","og_type":"article","og_title":"Smart Cities - 5G - DIGITAL","og_description":"Vigil\u00e2ncia Urbana Sistemas de monitoramento em tempo real para cidades, integrando seguran\u00e7a f\u00edsica e l\u00f3gica. Controle de Acesso Urbano Solu\u00e7\u00f5es com biometria para entradas seguras em \u00e1reas p\u00fablicas e edif\u00edcios inteligentes. Alarmes para Cidades Alarmes conectados que detectam amea\u00e7as e alertam servi\u00e7os de emerg\u00eancia urbanos. Portaria Remota Inteligente Gerenciamento remoto 24\/7 via app para pr\u00e9dios [&hellip;]","og_url":"https:\/\/5gdigital.com.br\/en\/services-3\/","og_site_name":"5G - DIGITAL","article_modified_time":"2026-01-07T15:22:42+00:00","og_image":[{"url":"https:\/\/5gdigital.com.br\/wp-content\/uploads\/2026\/01\/c54cbd7c-ba29-4dee-aabe-fcb249aef562-1000x1000.jpg","type":"","width":"","height":""}],"twitter_card":"summary_large_image","twitter_misc":{"Est. reading time":"1 minute"},"schema":{"@context":"https:\/\/schema.org","@graph":[{"@type":"WebPage","@id":"https:\/\/5gdigital.com.br\/en\/services-3\/","url":"https:\/\/5gdigital.com.br\/en\/services-3\/","name":"Smart Cities - 5G - DIGITAL","isPartOf":{"@id":"https:\/\/5gdigital.com.br\/#website"},"primaryImageOfPage":{"@id":"https:\/\/5gdigital.com.br\/en\/services-3\/#primaryimage"},"image":{"@id":"https:\/\/5gdigital.com.br\/en\/services-3\/#primaryimage"},"thumbnailUrl":"https:\/\/5gdigital.com.br\/wp-content\/uploads\/2026\/01\/c54cbd7c-ba29-4dee-aabe-fcb249aef562-1000x1000.jpg","datePublished":"2025-10-13T07:47:55+00:00","dateModified":"2026-01-07T15:22:42+00:00","breadcrumb":{"@id":"https:\/\/5gdigital.com.br\/en\/services-3\/#breadcrumb"},"inLanguage":"en-US","potentialAction":[{"@type":"ReadAction","target":["https:\/\/5gdigital.com.br\/en\/services-3\/"]}]},{"@type":"ImageObject","inLanguage":"en-US","@id":"https:\/\/5gdigital.com.br\/en\/services-3\/#primaryimage","url":"https:\/\/5gdigital.com.br\/wp-content\/uploads\/2026\/01\/c54cbd7c-ba29-4dee-aabe-fcb249aef562-1000x1000.jpg","contentUrl":"https:\/\/5gdigital.com.br\/wp-content\/uploads\/2026\/01\/c54cbd7c-ba29-4dee-aabe-fcb249aef562-1000x1000.jpg"},{"@type":"BreadcrumbList","@id":"https:\/\/5gdigital.com.br\/en\/services-3\/#breadcrumb","itemListElement":[{"@type":"ListItem","position":1,"name":"Home","item":"https:\/\/5gdigital.com.br\/"},{"@type":"ListItem","position":2,"name":"Smart Cities"}]},{"@type":"WebSite","@id":"https:\/\/5gdigital.com.br\/#website","url":"https:\/\/5gdigital.com.br\/","name":"SEGURAN\u00c7A 360","description":"SEGURAN\u00c7A 360\u00b0","publisher":{"@id":"https:\/\/5gdigital.com.br\/#organization"},"potentialAction":[{"@type":"SearchAction","target":{"@type":"EntryPoint","urlTemplate":"https:\/\/5gdigital.com.br\/?s={search_term_string}"},"query-input":{"@type":"PropertyValueSpecification","valueRequired":true,"valueName":"search_term_string"}}],"inLanguage":"en-US"},{"@type":"Organization","@id":"https:\/\/5gdigital.com.br\/#organization","name":"5G - DIGITAL","url":"https:\/\/5gdigital.com.br\/","logo":{"@type":"ImageObject","inLanguage":"en-US","@id":"https:\/\/5gdigital.com.br\/#\/schema\/logo\/image\/","url":"https:\/\/5gdigital.com.br\/wp-content\/uploads\/2026\/02\/AZtQtiO9jS4sHDtJ6wngKw-AZtQtiO9a2bAuwnxygd1uw.png","contentUrl":"https:\/\/5gdigital.com.br\/wp-content\/uploads\/2026\/02\/AZtQtiO9jS4sHDtJ6wngKw-AZtQtiO9a2bAuwnxygd1uw.png","width":1528,"height":1108,"caption":"5G - DIGITAL"},"image":{"@id":"https:\/\/5gdigital.com.br\/#\/schema\/logo\/image\/"}}]}},"_hostinger_reach_plugin_has_subscription_block":false,"_hostinger_reach_plugin_is_elementor":false,"_links":{"self":[{"href":"https:\/\/5gdigital.com.br\/en\/wp-json\/wp\/v2\/pages\/737","targetHints":{"allow":["GET"]}}],"collection":[{"href":"https:\/\/5gdigital.com.br\/en\/wp-json\/wp\/v2\/pages"}],"about":[{"href":"https:\/\/5gdigital.com.br\/en\/wp-json\/wp\/v2\/types\/page"}],"author":[{"embeddable":true,"href":"https:\/\/5gdigital.com.br\/en\/wp-json\/wp\/v2\/users\/1"}],"replies":[{"embeddable":true,"href":"https:\/\/5gdigital.com.br\/en\/wp-json\/wp\/v2\/comments?post=737"}],"version-history":[{"count":7,"href":"https:\/\/5gdigital.com.br\/en\/wp-json\/wp\/v2\/pages\/737\/revisions"}],"predecessor-version":[{"id":2519,"href":"https:\/\/5gdigital.com.br\/en\/wp-json\/wp\/v2\/pages\/737\/revisions\/2519"}],"wp:attachment":[{"href":"https:\/\/5gdigital.com.br\/en\/wp-json\/wp\/v2\/media?parent=737"}],"curies":[{"name":"wp","href":"https:\/\/api.w.org\/{rel}","templated":true}]}}